{"id":1701,"date":"2023-04-18T13:24:36","date_gmt":"2023-04-18T13:24:36","guid":{"rendered":"https:\/\/sinergana.hr\/?page_id=1701"},"modified":"2025-03-28T13:54:35","modified_gmt":"2025-03-28T12:54:35","slug":"o-projektu","status":"publish","type":"page","link":"https:\/\/sinergana.hr\/en\/o-projektu\/","title":{"rendered":"Project"},"content":{"rendered":"<div data-elementor-type=\"wp-page\" data-elementor-id=\"1701\" class=\"elementor elementor-1701\" data-elementor-post-type=\"page\">\n\t\t\t\t\t\t<section class=\"has_ae_slider elementor-section elementor-top-section elementor-element elementor-element-506e6d5 elementor-section-boxed elementor-section-height-default elementor-section-height-default ae-bg-gallery-type-default\" data-id=\"506e6d5\" data-element_type=\"section\" data-e-type=\"section\" id=\"crna-poz\" data-settings=\"{&quot;background_background&quot;:&quot;classic&quot;}\">\n\t\t\t\t\t\t<div class=\"elementor-container elementor-column-gap-default\">\n\t\t\t\t\t<div class=\"has_ae_slider elementor-column elementor-col-50 elementor-top-column elementor-element elementor-element-59fce9e ae-bg-gallery-type-default\" data-id=\"59fce9e\" data-element_type=\"column\" data-e-type=\"column\">\n\t\t\t<div class=\"elementor-widget-wrap elementor-element-populated\">\n\t\t\t\t\t\t<div class=\"elementor-element elementor-element-5939b6a elementor-widget elementor-widget-heading\" data-id=\"5939b6a\" data-element_type=\"widget\" data-e-type=\"widget\" data-widget_type=\"heading.default\">\n\t\t\t\t<div class=\"elementor-widget-container\">\n\t\t\t\t\t<h2 class=\"elementor-heading-title elementor-size-default\">Project<br>\n'Creative technologies and it industry incubator \u2013 energana'<\/h2>\t\t\t\t<\/div>\n\t\t\t\t<\/div>\n\t\t\t\t<div class=\"elementor-element elementor-element-188eac3 elementor-widget elementor-widget-image\" data-id=\"188eac3\" data-element_type=\"widget\" data-e-type=\"widget\" data-widget_type=\"image.default\">\n\t\t\t\t<div class=\"elementor-widget-container\">\n\t\t\t\t\t\t\t\t\t\t\t\t\t\t\t<img decoding=\"async\" width=\"311\" height=\"12\" src=\"https:\/\/sinergana.hr\/wp-content\/uploads\/2023\/04\/Frame-31.svg\" class=\"attachment-full size-full wp-image-865\" alt=\"\" \/>\t\t\t\t\t\t\t\t\t\t\t\t\t\t\t<\/div>\n\t\t\t\t<\/div>\n\t\t\t\t<div class=\"elementor-element elementor-element-c963791 elementor-widget__width-initial elementor-widget elementor-widget-text-editor\" data-id=\"c963791\" data-element_type=\"widget\" data-e-type=\"widget\" data-widget_type=\"text-editor.default\">\n\t\t\t\t<div class=\"elementor-widget-container\">\n\t\t\t\t\t\t\t\t\t<p>Improving competitiveness of IT and creative technologies in the Rijeka urban agglomeration<\/p>\t\t\t\t\t\t\t\t<\/div>\n\t\t\t\t<\/div>\n\t\t\t\t\t<\/div>\n\t\t<\/div>\n\t\t\t\t<div class=\"has_ae_slider elementor-column elementor-col-50 elementor-top-column elementor-element elementor-element-2c5bdbf ae-bg-gallery-type-default\" data-id=\"2c5bdbf\" data-element_type=\"column\" data-e-type=\"column\">\n\t\t\t<div class=\"elementor-widget-wrap elementor-element-populated\">\n\t\t\t\t\t\t<div class=\"elementor-element elementor-element-7282112 elementor-widget__width-initial elementor-widget elementor-widget-image\" data-id=\"7282112\" data-element_type=\"widget\" data-e-type=\"widget\" data-widget_type=\"image.default\">\n\t\t\t\t<div class=\"elementor-widget-container\">\n\t\t\t\t\t\t\t\t\t\t\t\t\t\t\t<img fetchpriority=\"high\" decoding=\"async\" width=\"798\" height=\"604\" src=\"https:\/\/sinergana.hr\/wp-content\/uploads\/2023\/04\/Group-2366-1.png\" class=\"attachment-full size-full wp-image-1639\" alt=\"\" \/>\t\t\t\t\t\t\t\t\t\t\t\t\t\t\t<\/div>\n\t\t\t\t<\/div>\n\t\t\t\t\t<\/div>\n\t\t<\/div>\n\t\t\t\t\t<\/div>\n\t\t<\/section>\n\t\t\t\t<section class=\"has_ae_slider elementor-section elementor-top-section elementor-element elementor-element-6f6f1d0 elementor-section-boxed elementor-section-height-default elementor-section-height-default ae-bg-gallery-type-default\" data-id=\"6f6f1d0\" data-element_type=\"section\" data-e-type=\"section\" data-settings=\"{&quot;background_background&quot;:&quot;classic&quot;}\">\n\t\t\t\t\t\t<div class=\"elementor-container elementor-column-gap-default\">\n\t\t\t\t\t<div class=\"has_ae_slider elementor-column elementor-col-100 elementor-top-column elementor-element elementor-element-8bb30f9 ae-bg-gallery-type-default\" data-id=\"8bb30f9\" data-element_type=\"column\" data-e-type=\"column\">\n\t\t\t<div class=\"elementor-widget-wrap elementor-element-populated\">\n\t\t\t\t\t\t<section class=\"has_ae_slider elementor-section elementor-inner-section elementor-element elementor-element-cb9d705 elementor-section-boxed elementor-section-height-default elementor-section-height-default ae-bg-gallery-type-default\" data-id=\"cb9d705\" data-element_type=\"section\" data-e-type=\"section\">\n\t\t\t\t\t\t<div class=\"elementor-container elementor-column-gap-default\">\n\t\t\t\t\t<div class=\"has_ae_slider elementor-column elementor-col-100 elementor-inner-column elementor-element elementor-element-7ec8007 ae-bg-gallery-type-default\" data-id=\"7ec8007\" data-element_type=\"column\" data-e-type=\"column\" data-settings=\"{&quot;background_background&quot;:&quot;classic&quot;}\">\n\t\t\t<div class=\"elementor-widget-wrap elementor-element-populated\">\n\t\t\t\t\t\t<div class=\"elementor-element elementor-element-486f472 elementor-widget elementor-widget-text-editor\" data-id=\"486f472\" data-element_type=\"widget\" data-e-type=\"widget\" data-widget_type=\"text-editor.default\">\n\t\t\t\t<div class=\"elementor-widget-container\">\n\t\t\t\t\t\t\t\t\t<p class=\"translation-block\"><b>Project coordinator<\/b><br>Grad Rijeka<\/p><p class=\"translation-block\"><b>Project goal<\/b><br>\nThe main objective of the project is to enhance the system of the existing business incubators in the Rijeka urban agglomeration in order to improve the competitiveness of its IT and creative technologies sector and support the development of competitive products and services. The project fosters the growth of new and existing small and medium-sized enterprises (SMEs) engaging in the IT and creative industries in the urban area of Rijeka.<\/p><p><b>Specific objectives of the project<\/b><br \/>To create infrastructure for business incubation and provide framework for development and networking of companies in targeted sectors<br \/>Train the first generation of incubator users and ensure the sustainability of incubator\u2019s activities<\/p><p><b>Project description<\/b><br \/>The project has provided for the reconstruction and furnishing of more than 2,700 m\u00b2 of space in the power station of the city\u2019s former paper factory. Beside office and co-working spaces, entrepreneurs are offered training courses and mentoring programs to boost their innovation potential. The support to entrepreneurs is provided through activities described below, organized in three main thematic modules: HubIT \u2013 IT, artificial intelligence (AI) and the Internet of Things (IoT), HubBOT \u2013 computer game development, and HubART \u2013 photography and video production.<\/p><p><b>Main project activities<\/b><br \/>Reconstruction and conversion of the former power plant into the Creative Technologies and IT Industry Incubator<br \/>Basic furnishing and provision of specialized equipment<br \/>Development of a detailed business plan and incubator management model<br \/>Provision of professional support and consulting to SMEs<br \/>Project management<br \/>Promotion and visibility<\/p><p><b>Project budget<\/b><br \/>Project value: EUR 6,147,184 (HRK 46,315,956)<\/p><p>EU grants under the Grant Agreement KK.03.1.2.20.0003: EUR 4,176,543 (HRK 31,468,168)<\/p><p>The City\u2019s participation co-financed by the Croatian Ministry of Regional Development and EU Funds: 368.519 (HRK 2,776,603)<\/p><p>The City\u2019s own participation in the project financing: EUR 1,602,122 (HRK 12,071,185)<\/p><p><b>The funding program<\/b><br \/>European Investment and Structural Funds \u2013 European Regional Development Fund \u2013 Operational Programme Competitiveness and Cohesion 2014\u20132020, through ITU mechanisms \u2013 UA Rijeka Startup Incubator System<\/p><p><b>Contact for more information on the project<\/b><br \/><strong>City of Rijeka<\/strong><br \/>Korzo 16, Rijeka<br \/>T +385 51 209 943<br \/><span style=\"color: #000000;\">E <a style=\"color: #000000;\" href=\"mailto:sinergana@rijeka.hr\">sinergana@rijeka.hr<\/a><\/span><br \/><span style=\"color: #000000;\"><a style=\"color: #000000;\" href=\"http:\/\/www.rijeka.hr\" target=\"blank\">www.rijeka.hr<\/a><\/span><\/p><p>For more information about the EU funds, visit the website of the Ministry of Regional Development and EU Funds <a style=\"color: #000;\" href=\"http:\/\/www.strukturnifondovi.hr\" target=\"blank\">www.strukturnifondovi.hr<\/a><\/p>\t\t\t\t\t\t\t\t<\/div>\n\t\t\t\t<\/div>\n\t\t\t\t\t<\/div>\n\t\t<\/div>\n\t\t\t\t\t<\/div>\n\t\t<\/section>\n\t\t\t\t<div class=\"elementor-element elementor-element-ed51bb8 elementor-absolute elementor-widget__width-initial elementor-widget elementor-widget-image\" data-id=\"ed51bb8\" data-element_type=\"widget\" data-e-type=\"widget\" data-settings=\"{&quot;_position&quot;:&quot;absolute&quot;}\" data-widget_type=\"image.default\">\n\t\t\t\t<div class=\"elementor-widget-container\">\n\t\t\t\t\t\t\t\t\t\t\t\t\t\t\t<img decoding=\"async\" width=\"262\" height=\"290\" src=\"https:\/\/sinergana.hr\/wp-content\/uploads\/2023\/04\/Group-2367.svg\" class=\"attachment-full size-full wp-image-1655\" alt=\"\" \/>\t\t\t\t\t\t\t\t\t\t\t\t\t\t\t<\/div>\n\t\t\t\t<\/div>\n\t\t\t\t<div class=\"elementor-element elementor-element-64d4971 elementor-absolute elementor-widget elementor-widget-image\" data-id=\"64d4971\" data-element_type=\"widget\" data-e-type=\"widget\" data-settings=\"{&quot;_position&quot;:&quot;absolute&quot;}\" data-widget_type=\"image.default\">\n\t\t\t\t<div class=\"elementor-widget-container\">\n\t\t\t\t\t\t\t\t\t\t\t\t\t\t\t<img loading=\"lazy\" decoding=\"async\" width=\"150\" height=\"150\" src=\"https:\/\/sinergana.hr\/wp-content\/uploads\/2023\/04\/Vector-51.svg\" class=\"attachment-thumbnail size-thumbnail wp-image-718\" alt=\"\" \/>\t\t\t\t\t\t\t\t\t\t\t\t\t\t\t<\/div>\n\t\t\t\t<\/div>\n\t\t\t\t\t<\/div>\n\t\t<\/div>\n\t\t\t\t\t<\/div>\n\t\t<\/section>\n\t\t\t\t<\/div>","protected":false},"excerpt":{"rendered":"<p>Projekt \u2018Inkubator za kreativne tehnologije i IT industriju &#8211; Energana\u2019 Ja\u010danje konkurentnosti IT i kreativnih tehnologija na podru\u010dju Urbane aglomeracije Rijeka Nositelj projektaGrad Rijeka Cilj projektaGlavni cilj projekta je ja\u010danje konkurentnosti IT i kreativnih tehnologija na podru\u010dju Urbane aglomeracije Rijeka te poticanje razvoja konkurentnih proizvoda i usluga s ve\u0107om dodanom vrijedno\u0161\u0107u, kroz pro\u0161irenje sustava postoje\u0107ih [&hellip;]<\/p>","protected":false},"author":1,"featured_media":0,"parent":0,"menu_order":0,"comment_status":"closed","ping_status":"closed","template":"","meta":{"_acf_changed":false,"inline_featured_image":false,"footnotes":""},"class_list":["post-1701","page","type-page","status-publish","hentry"],"acf":[],"yoast_head":"<!-- This site is optimized with the Yoast SEO plugin v26.9 - https:\/\/yoast.com\/product\/yoast-seo-wordpress\/ -->\n<title>O projektu - Sinergana<\/title>\n<meta name=\"robots\" content=\"index, follow, max-snippet:-1, max-image-preview:large, max-video-preview:-1\" \/>\n<link rel=\"canonical\" href=\"https:\/\/sinergana.hr\/en\/o-projektu\/\" \/>\n<meta property=\"og:locale\" content=\"en_GB\" \/>\n<meta property=\"og:type\" content=\"article\" \/>\n<meta property=\"og:title\" content=\"O projektu - Sinergana\" \/>\n<meta property=\"og:description\" content=\"Projekt \u2018Inkubator za kreativne tehnologije i IT industriju &#8211; Energana\u2019 Ja\u010danje konkurentnosti IT i kreativnih tehnologija na podru\u010dju Urbane aglomeracije Rijeka Nositelj projektaGrad Rijeka Cilj projektaGlavni cilj projekta je ja\u010danje konkurentnosti IT i kreativnih tehnologija na podru\u010dju Urbane aglomeracije Rijeka te poticanje razvoja konkurentnih proizvoda i usluga s ve\u0107om dodanom vrijedno\u0161\u0107u, kroz pro\u0161irenje sustava postoje\u0107ih [&hellip;]\" \/>\n<meta property=\"og:url\" content=\"https:\/\/sinergana.hr\/en\/o-projektu\/\" \/>\n<meta property=\"og:site_name\" content=\"Sinergana\" \/>\n<meta property=\"article:modified_time\" content=\"2025-03-28T12:54:35+00:00\" \/>\n<meta name=\"twitter:card\" content=\"summary_large_image\" \/>\n<meta name=\"twitter:label1\" content=\"Estimated reading time\" \/>\n\t<meta name=\"twitter:data1\" content=\"3 minutes\" \/>\n<script type=\"application\/ld+json\" class=\"yoast-schema-graph\">{\"@context\":\"https:\/\/schema.org\",\"@graph\":[{\"@type\":\"WebPage\",\"@id\":\"https:\/\/sinergana.hr\/o-projektu\/\",\"url\":\"https:\/\/sinergana.hr\/o-projektu\/\",\"name\":\"O projektu - Sinergana\",\"isPartOf\":{\"@id\":\"https:\/\/sinergana.hr\/#website\"},\"primaryImageOfPage\":{\"@id\":\"https:\/\/sinergana.hr\/o-projektu\/#primaryimage\"},\"image\":{\"@id\":\"https:\/\/sinergana.hr\/o-projektu\/#primaryimage\"},\"thumbnailUrl\":\"https:\/\/sinergana.hr\/wp-content\/uploads\/2023\/04\/Frame-31.svg\",\"datePublished\":\"2023-04-18T13:24:36+00:00\",\"dateModified\":\"2025-03-28T12:54:35+00:00\",\"breadcrumb\":{\"@id\":\"https:\/\/sinergana.hr\/o-projektu\/#breadcrumb\"},\"inLanguage\":\"en-GB\",\"potentialAction\":[{\"@type\":\"ReadAction\",\"target\":[\"https:\/\/sinergana.hr\/o-projektu\/\"]}]},{\"@type\":\"ImageObject\",\"inLanguage\":\"en-GB\",\"@id\":\"https:\/\/sinergana.hr\/o-projektu\/#primaryimage\",\"url\":\"https:\/\/sinergana.hr\/wp-content\/uploads\/2023\/04\/Frame-31.svg\",\"contentUrl\":\"https:\/\/sinergana.hr\/wp-content\/uploads\/2023\/04\/Frame-31.svg\"},{\"@type\":\"BreadcrumbList\",\"@id\":\"https:\/\/sinergana.hr\/o-projektu\/#breadcrumb\",\"itemListElement\":[{\"@type\":\"ListItem\",\"position\":1,\"name\":\"Po\u010detna stranica\",\"item\":\"https:\/\/sinergana.hr\/\"},{\"@type\":\"ListItem\",\"position\":2,\"name\":\"O projektu\"}]},{\"@type\":\"WebSite\",\"@id\":\"https:\/\/sinergana.hr\/#website\",\"url\":\"https:\/\/sinergana.hr\/\",\"name\":\"Sinergana\",\"description\":\"Inkubator za kreativne tehnologije i IT industriju\",\"publisher\":{\"@id\":\"https:\/\/sinergana.hr\/#organization\"},\"potentialAction\":[{\"@type\":\"SearchAction\",\"target\":{\"@type\":\"EntryPoint\",\"urlTemplate\":\"https:\/\/sinergana.hr\/?s={search_term_string}\"},\"query-input\":{\"@type\":\"PropertyValueSpecification\",\"valueRequired\":true,\"valueName\":\"search_term_string\"}}],\"inLanguage\":\"en-GB\"},{\"@type\":\"Organization\",\"@id\":\"https:\/\/sinergana.hr\/#organization\",\"name\":\"Sinergana\",\"url\":\"https:\/\/sinergana.hr\/\",\"logo\":{\"@type\":\"ImageObject\",\"inLanguage\":\"en-GB\",\"@id\":\"https:\/\/sinergana.hr\/#\/schema\/logo\/image\/\",\"url\":\"https:\/\/sinergana.hr\/wp-content\/uploads\/2023\/04\/logo-sinergana.svg\",\"contentUrl\":\"https:\/\/sinergana.hr\/wp-content\/uploads\/2023\/04\/logo-sinergana.svg\",\"width\":231,\"height\":88,\"caption\":\"Sinergana\"},\"image\":{\"@id\":\"https:\/\/sinergana.hr\/#\/schema\/logo\/image\/\"}}]}<\/script>\n<!-- \/ Yoast SEO plugin. -->","yoast_head_json":{"title":"O projektu - Sinergana","robots":{"index":"index","follow":"follow","max-snippet":"max-snippet:-1","max-image-preview":"max-image-preview:large","max-video-preview":"max-video-preview:-1"},"canonical":"https:\/\/sinergana.hr\/en\/o-projektu\/","og_locale":"en_GB","og_type":"article","og_title":"O projektu - Sinergana","og_description":"Projekt \u2018Inkubator za kreativne tehnologije i IT industriju &#8211; Energana\u2019 Ja\u010danje konkurentnosti IT i kreativnih tehnologija na podru\u010dju Urbane aglomeracije Rijeka Nositelj projektaGrad Rijeka Cilj projektaGlavni cilj projekta je ja\u010danje konkurentnosti IT i kreativnih tehnologija na podru\u010dju Urbane aglomeracije Rijeka te poticanje razvoja konkurentnih proizvoda i usluga s ve\u0107om dodanom vrijedno\u0161\u0107u, kroz pro\u0161irenje sustava postoje\u0107ih [&hellip;]","og_url":"https:\/\/sinergana.hr\/en\/o-projektu\/","og_site_name":"Sinergana","article_modified_time":"2025-03-28T12:54:35+00:00","twitter_card":"summary_large_image","twitter_misc":{"Estimated reading time":"3 minutes"},"schema":{"@context":"https:\/\/schema.org","@graph":[{"@type":"WebPage","@id":"https:\/\/sinergana.hr\/o-projektu\/","url":"https:\/\/sinergana.hr\/o-projektu\/","name":"O projektu - Sinergana","isPartOf":{"@id":"https:\/\/sinergana.hr\/#website"},"primaryImageOfPage":{"@id":"https:\/\/sinergana.hr\/o-projektu\/#primaryimage"},"image":{"@id":"https:\/\/sinergana.hr\/o-projektu\/#primaryimage"},"thumbnailUrl":"https:\/\/sinergana.hr\/wp-content\/uploads\/2023\/04\/Frame-31.svg","datePublished":"2023-04-18T13:24:36+00:00","dateModified":"2025-03-28T12:54:35+00:00","breadcrumb":{"@id":"https:\/\/sinergana.hr\/o-projektu\/#breadcrumb"},"inLanguage":"en-GB","potentialAction":[{"@type":"ReadAction","target":["https:\/\/sinergana.hr\/o-projektu\/"]}]},{"@type":"ImageObject","inLanguage":"en-GB","@id":"https:\/\/sinergana.hr\/o-projektu\/#primaryimage","url":"https:\/\/sinergana.hr\/wp-content\/uploads\/2023\/04\/Frame-31.svg","contentUrl":"https:\/\/sinergana.hr\/wp-content\/uploads\/2023\/04\/Frame-31.svg"},{"@type":"BreadcrumbList","@id":"https:\/\/sinergana.hr\/o-projektu\/#breadcrumb","itemListElement":[{"@type":"ListItem","position":1,"name":"Po\u010detna stranica","item":"https:\/\/sinergana.hr\/"},{"@type":"ListItem","position":2,"name":"O projektu"}]},{"@type":"WebSite","@id":"https:\/\/sinergana.hr\/#website","url":"https:\/\/sinergana.hr\/","name":"Sinergana","description":"Creative Technologies and IT Industry Incubator","publisher":{"@id":"https:\/\/sinergana.hr\/#organization"},"potentialAction":[{"@type":"SearchAction","target":{"@type":"EntryPoint","urlTemplate":"https:\/\/sinergana.hr\/?s={search_term_string}"},"query-input":{"@type":"PropertyValueSpecification","valueRequired":true,"valueName":"search_term_string"}}],"inLanguage":"en-GB"},{"@type":"Organization","@id":"https:\/\/sinergana.hr\/#organization","name":"Sinergana","url":"https:\/\/sinergana.hr\/","logo":{"@type":"ImageObject","inLanguage":"en-GB","@id":"https:\/\/sinergana.hr\/#\/schema\/logo\/image\/","url":"https:\/\/sinergana.hr\/wp-content\/uploads\/2023\/04\/logo-sinergana.svg","contentUrl":"https:\/\/sinergana.hr\/wp-content\/uploads\/2023\/04\/logo-sinergana.svg","width":231,"height":88,"caption":"Sinergana"},"image":{"@id":"https:\/\/sinergana.hr\/#\/schema\/logo\/image\/"}}]}},"_links":{"self":[{"href":"https:\/\/sinergana.hr\/en\/wp-json\/wp\/v2\/pages\/1701","targetHints":{"allow":["GET"]}}],"collection":[{"href":"https:\/\/sinergana.hr\/en\/wp-json\/wp\/v2\/pages"}],"about":[{"href":"https:\/\/sinergana.hr\/en\/wp-json\/wp\/v2\/types\/page"}],"author":[{"embeddable":true,"href":"https:\/\/sinergana.hr\/en\/wp-json\/wp\/v2\/users\/1"}],"replies":[{"embeddable":true,"href":"https:\/\/sinergana.hr\/en\/wp-json\/wp\/v2\/comments?post=1701"}],"version-history":[{"count":187,"href":"https:\/\/sinergana.hr\/en\/wp-json\/wp\/v2\/pages\/1701\/revisions"}],"predecessor-version":[{"id":5999,"href":"https:\/\/sinergana.hr\/en\/wp-json\/wp\/v2\/pages\/1701\/revisions\/5999"}],"wp:attachment":[{"href":"https:\/\/sinergana.hr\/en\/wp-json\/wp\/v2\/media?parent=1701"}],"curies":[{"name":"wp","href":"https:\/\/api.w.org\/{rel}","templated":true}]}}