{"id":1789,"date":"2023-04-19T07:20:14","date_gmt":"2023-04-19T07:20:14","guid":{"rendered":"https:\/\/sinergana.hr\/?page_id=1789"},"modified":"2023-06-26T09:24:04","modified_gmt":"2023-06-26T07:24:04","slug":"uvjeti-koristenja","status":"publish","type":"page","link":"https:\/\/sinergana.hr\/en\/uvjeti-koristenja\/","title":{"rendered":"Terms of use"},"content":{"rendered":"<div data-elementor-type=\"wp-page\" data-elementor-id=\"1789\" class=\"elementor elementor-1789\" data-elementor-post-type=\"page\">\n\t\t\t\t\t\t<section class=\"has_ae_slider elementor-section elementor-top-section elementor-element elementor-element-879d442 elementor-section-boxed elementor-section-height-default elementor-section-height-default ae-bg-gallery-type-default\" data-id=\"879d442\" data-element_type=\"section\" data-e-type=\"section\" data-settings=\"{&quot;background_background&quot;:&quot;classic&quot;}\">\n\t\t\t\t\t\t<div class=\"elementor-container elementor-column-gap-default\">\n\t\t\t\t\t<div class=\"has_ae_slider elementor-column elementor-col-100 elementor-top-column elementor-element elementor-element-1c26e9c ae-bg-gallery-type-default\" data-id=\"1c26e9c\" data-element_type=\"column\" data-e-type=\"column\">\n\t\t\t<div class=\"elementor-widget-wrap elementor-element-populated\">\n\t\t\t\t\t\t<div class=\"elementor-element elementor-element-1e0fcb0 elementor-widget elementor-widget-heading\" data-id=\"1e0fcb0\" data-element_type=\"widget\" data-e-type=\"widget\" data-widget_type=\"heading.default\">\n\t\t\t\t<div class=\"elementor-widget-container\">\n\t\t\t\t\t<h2 class=\"elementor-heading-title elementor-size-default\">Terms of use<\/h2>\t\t\t\t<\/div>\n\t\t\t\t<\/div>\n\t\t\t\t<div class=\"elementor-element elementor-element-35705a6 elementor-widget elementor-widget-image\" data-id=\"35705a6\" data-element_type=\"widget\" data-e-type=\"widget\" data-widget_type=\"image.default\">\n\t\t\t\t<div class=\"elementor-widget-container\">\n\t\t\t\t\t\t\t\t\t\t\t\t\t\t\t<img decoding=\"async\" width=\"311\" height=\"12\" src=\"https:\/\/sinergana.hr\/wp-content\/uploads\/2023\/04\/Frame-31.svg\" class=\"attachment-full size-full wp-image-865\" alt=\"\" \/>\t\t\t\t\t\t\t\t\t\t\t\t\t\t\t<\/div>\n\t\t\t\t<\/div>\n\t\t\t\t<section class=\"has_ae_slider elementor-section elementor-inner-section elementor-element elementor-element-4ccb68c elementor-section-boxed elementor-section-height-default elementor-section-height-default ae-bg-gallery-type-default\" data-id=\"4ccb68c\" data-element_type=\"section\" data-e-type=\"section\">\n\t\t\t\t\t\t<div class=\"elementor-container elementor-column-gap-default\">\n\t\t\t\t\t<div class=\"has_ae_slider elementor-column elementor-col-100 elementor-inner-column elementor-element elementor-element-fcb2ad0 ae-bg-gallery-type-default\" data-id=\"fcb2ad0\" data-element_type=\"column\" data-e-type=\"column\" data-settings=\"{&quot;background_background&quot;:&quot;classic&quot;}\">\n\t\t\t<div class=\"elementor-widget-wrap elementor-element-populated\">\n\t\t\t\t\t\t<div class=\"elementor-element elementor-element-ee2676b elementor-widget__width-initial elementor-widget elementor-widget-text-editor\" data-id=\"ee2676b\" data-element_type=\"widget\" data-e-type=\"widget\" data-widget_type=\"text-editor.default\">\n\t\t\t\t<div class=\"elementor-widget-container\">\n\t\t\t\t\t\t\t\t\t<p>Upravitelj stranice Grad Rijeka omogu\u0107uje kori\u0161tenje usluga i sadr\u017eaja stranice sinergana.hr prema ni\u017ee navedenim Uvjetima kori\u0161tenja. Uvjeti kori\u0161tenja primjenjuju se na sve sadr\u017eaje i usluge stranice sinergana.hr. Daljnjim kori\u0161tenjem ove stranice potvr\u0111ujete svoje prihva\u0107anje uvjeta koji su navedeni u nastavku ovog teksta.<\/p><p>Radi osiguranja slobodnog i neometanog kori\u0161tenja usluga stranice sinergana.hr, ovi postupci su neprihvatljivi i strogo zabranjeni:<\/p><ul><li>objavljivanje, slanje i razmjena sadr\u017eaja koji kr\u0161e postoje\u0107e hrvatske i\/ili me\u0111unarodne zakone, sadr\u017eaja koji je uvredljiv, vulgaran, prijete\u0107i, rasisti\u010dki ili \u0161ovinisti\u010dki te \u0161tetan na bilo koji drugi na\u010din<\/li><li>objavljivanje, slanje i razmjena informacija za koje posjetitelj zna ili pretpostavlja da su la\u017ene, a \u010dije bi kori\u0161tenje moglo nanijeti \u0161tetu drugim korisnicima<\/li><li>la\u017eno predstavljanje, odnosno predstavljanje u ime druge pravne ili fizi\u010dke osobe<\/li><li>manipuliranje identifikatorima kako bi se prikrilo porijeklo sadr\u017eaja kojeg se objavljuje ili \u0161alje putem usluga platforme<\/li><li>objavljivanje, slanje i razmjena sadr\u017eaja koji su za\u0161ti\u0107eni autorskim pravom<\/li><li>objavljivanje, slanje i razmjena ne\u017eeljenih sadr\u017eaja korisnicima bez njihovog pristanka ili tra\u017eenja, ili putem obmane<\/li><li>svjesno objavljivanje, slanje i razmjena sadr\u017eaja koji sadr\u017ei viruse ili sli\u010dne ra\u010dunalne datoteke ili programe na\u010dinjene u svrhu uni\u0161tavanja ili ograni\u010davanja rada bilo kojeg ra\u010dunalnog softvera i\/ili hardvera i telekomunikacijske opreme<\/li><li>prikupljanje, \u010duvanje i objavljivanje osobnih podataka drugih posjetitelja platforme i korisnika.<\/li><\/ul><div>\u00a0<\/div><p>Grad Rijeka &#8211; upravitelj stranice sinergana.hr ne\u0107e ni na koji na\u010din biti odgovoran za sadr\u017eaj ili gubitak i o\u0161te\u0107enje sadr\u017eaja korisnika koje je nastalo zbog kori\u0161tenja usluga sinergana.hr. Upravitelj stranice zadr\u017eava pravo ukloniti sadr\u017eaj koji smatra nepodobnim ili ne odgovara ovim Uvjetima kori\u0161tenja. Upravitelj stranice zadr\u017eava pravo automatskog ukidanja usluge kori\u0161tenja platforme bez prethodne najave u slu\u010daju nedopu\u0161tenog kori\u0161tenja odnosno kr\u0161enja ovih Uvjeta kori\u0161tenja.<\/p><p><strong>Autorska prava<\/strong><\/p><p>Sadr\u017eaj na stranici sinergana.hr za\u0161ti\u0107en je autorskim pravima. Mijenjanje, posu\u0111ivanje, prodavanje ili distribuiranje takvog sadr\u017eaja je mogu\u0107e samo uz prethodnu dozvolu upravitelja stranice Grada Rijeke. Ukoliko korisnik smatra da je do\u0161lo do povrede autorskih prava na stranici, o tome je du\u017ean izvijestiti upravitelja stranice koriste\u0107i kontakt formu. Sadr\u017eaj objavljen na stranici sinergana.hr smije se kopirati samo u nekomercijalne svrhe i samo za individualnu upotrebu te uz po\u0161tivanje svih autorskih i drugih vlasni\u010dkih prava te svakog navedenog ograni\u010denja prava. Niti jedan dio ovih stranica, \u0161to uklju\u010duje dizajn i strukturu sadr\u017eaja, ne smije se reproducirati, prenositi ili preslikavati u bilo kojem obliku ili na bilo koji na\u010din bez prethodne pisane suglasnosti upravitelja stranice Grada Rijeke.<\/p><p><strong>Pomo\u0107 i podr\u0161ka<\/strong><\/p><p>Stranica sinergana.hr korisnicima ne pru\u017ea telefonsku podr\u0161ku. Pomo\u0107 i podr\u0161ka dostupni su isklju\u010divo preko odgovaraju\u0107ih e-mail adresa i kontakt forme. Odgovaraju\u0107e e-mail adrese objavljene su na stranicama sinergana.hr.<\/p><p><strong>Za\u0161tita privatnosti i tajnost podataka<\/strong><\/p><p>Na stranici sinergana.hr po\u0161tuje se privatnost posjetitelja platforme. Svi osobni i ostali podaci o korisniku prikupljaju se uz privolu korisnika i koriste temeljem <span style=\"text-decoration: underline; color: #000000;\"><a style=\"color: #000000; text-decoration: underline;\" href=\"https:\/\/www.mojarijeka.hr\/pravila-o-koristenju-osobnih-podataka-registriranih-korisnika-portala-moja-rijeka\/\" target=\"_blank\" rel=\"noopener\">Pravila o kori\u0161tenju osobnih podataka registriranih korisnika platforme <\/a><\/span>sinergana.hr. Podaci o korisniku ne\u0107e biti dostupni tre\u0107oj strani osim u slu\u010daju kada je takva obaveza regulirana zakonom.<\/p><p><strong>Prikupljanje podataka<\/strong><\/p><p>Kao \u0161to je uobi\u010dajeno s ostalim profesionalno vo\u0111enim internet stanicama, sinergana.hr prikuplja informacije koje se ti\u010du IP adresa, preuzetog sadr\u017eaja, broja posjetitelja, vremena posjeta, vrste pretra\u017eiva\u010da i operativnih sustava, kao i demografske podatke posjeta po zemljama, na\u010dina pristupa internet stranici (izravno ili preko druge poveznice), a sve u statisti\u010dke svrhe i analize koje slu\u017ee pobolj\u0161anju sadr\u017eaja stranice sinergana.hr.<\/p><p><strong>Sigurnost<\/strong><\/p><p>Svaki neovla\u0161teni poku\u0161aji izmjene podataka pohranjenih u ovom sustavu, zaobila\u017eenja ili zanemarivanja sigurnosnih zna\u010dajki ili kori\u0161tenja sustava u svrhe razli\u010dite od onih za koje su namijenjene, zabranjeni su i mogu postati predmetom kaznenog gonjenja. Ako pra\u0107enje otkrije dokaze o mogu\u0107im kriminalnim radnjama, takvi dokazi mogu se proslijediti nadle\u017enim tijelima.<\/p><p><strong>Poveznice na druge internet stranice<\/strong><\/p><p>Neke od poveznica na stranici sinergana.hr vode na stranice drugih internet stranica i servisa. Te stranice nisu pod kontrolom stranice sinergana.hr te upravitelj stranice\u00a0 nije odgovorna za sadr\u017eaj tih stranica niti za poveznice na tim stranicama. Upravitelj stranice Grad Rijeka ne odgovara ni za kakvu \u0161tetu nastalu ogla\u0161avanjem na ovoj platformi.<\/p><p><strong>Sadr\u017eaj dobiven od korisnika i posjetitelja stranice<\/strong><\/p><p>Upravitelj stranice Grad Rijeka nije vlasnik sadr\u017eaja koji objavljuju ili razmjenjuju posjetitelji stranice sinergana.hr, iako zadr\u017eava pravo da tijekom kori\u0161tenja usluga stranice sinergana.hr\u00a0 koristi neke od tih sadr\u017eaja u promotivne svrhe usluga unutar kojih je sadr\u017eaj objavljen. Javno dostupan sadr\u017eaj je sav onaj sadr\u017eaj dostupan svim posjetiteljima stranice.<\/p><p><strong>Odricanje odgovornosti<\/strong><\/p><p>Upravitelj stranice Grad Rijeka \u010dini sve napore da osigura to\u010dne i potpune podatke na internet stranici sinergana.hr. Ipak, s brojnim informacijama, poveznicama i dokumentima kojima raspola\u017ee, ne mo\u017ee se jam\u010diti izostanak pogre\u0161aka. Upravitelj stranice odri\u010de odgovornost za gubitak ili \u0161tetu uzrokovanu rezultatom pogre\u0161ke na stranicama sinergana.hr. Prije dono\u0161enja bilo kakve odluke zasnovane na informacijama sa stranica sinergana.hr, savjetujemo da se obratite relevantnim izvorima informacija i potvrdite osnovu za svoju odluku.<\/p><p><strong>Promjene usluga i sadr\u017eaja stranice<\/strong><\/p><p>Upravitelj stranice Grad Rijeka zadr\u017eava pravo promjene, ukidanja (privremenog i trajnog) bilo kojeg sadr\u017eaja ili usluge na stranici sinergana.hr,\u00a0 bez obaveze prethodne najave. Upravitelj stranice nije odgovorna za bilo kakvu \u0161tetu nastalu tim promjenama.<\/p><p><strong>Ukidanje i zabrana kori\u0161tenja usluga platforme<\/strong><\/p><p>Upravitelj stranice Grad Rijeka zadr\u017eava pravo ukinuti ili uskratiti mogu\u0107nost kori\u0161tenja sadr\u017eaja stranice sinergana.hr i\/ili jedne ili vi\u0161e usluga, a bez prethodne najave i\/ili obrazlo\u017eenja.<\/p><p><strong>Napomena<\/strong><\/p><p>Svi samoinicijativno poslani\/dostavljeni materijali, a osobito fotografije, video-uratci, tekstovi i drugi sli\u010dni materijali, odnosno drugi autorski radovi (u daljnjem tekstu: Materijali) mogu, jednom ili vi\u0161e puta, bez vremenskog ograni\u010denja, ali i ne moraju, biti objavljeni na stranici sinergana.hr. Sve osobe koje samoinicijativno po\u0161alju Materijal stranici sinergana.hr jam\u010de pod punom kaznenom i materijalnom odgovorno\u0161\u0107u da isti predstavlja isklju\u010divo njihovo vlasni\u0161tvo te da na isti pola\u017eu sva zakonska prava. Stranica sinergana.hr &#8211; njen upravitelj Grad Rijeka po\u0161tuje intelektualno vlasni\u0161tvo i autorska prava drugih te na toj osnovi isto tra\u017ei od svih onih s kojima stupi u bilo kakav odnos u pogledu Materijala koji su za\u0161ti\u0107eni pozitivno-pravnom regulativom kojom je regulirana za\u0161tita autorskih prava i intelektualnog vlasni\u0161tva. Samoinicijativnim slanjem Materijala stranici sinergana.hr iskazuje se, pod punom materijalnom i kaznenom odgovorno\u0161\u0107u, suglasnost s prije navedenim stajali\u0161tima.<\/p><p><strong>Promjene uvjeta kori\u0161tenja<\/strong><\/p><p>Upravitelj stranice Grad Rijeka zadr\u017eava pravo bez prethodne najave promijeniti ili modificirati Uvjete kori\u0161tenja platforme. Svaka promjena bit \u0107e objavljena na stranici sinergana.hr.<\/p>\t\t\t\t\t\t\t\t<\/div>\n\t\t\t\t<\/div>\n\t\t\t\t\t<\/div>\n\t\t<\/div>\n\t\t\t\t\t<\/div>\n\t\t<\/section>\n\t\t\t\t\t<\/div>\n\t\t<\/div>\n\t\t\t\t\t<\/div>\n\t\t<\/section>\n\t\t\t\t<\/div>","protected":false},"excerpt":{"rendered":"<p>Uvjeti kori\u0161tenja Upravitelj stranice Grad Rijeka omogu\u0107uje kori\u0161tenje usluga i sadr\u017eaja stranice sinergana.hr prema ni\u017ee navedenim Uvjetima kori\u0161tenja. Uvjeti kori\u0161tenja primjenjuju se na sve sadr\u017eaje i usluge stranice sinergana.hr. Daljnjim kori\u0161tenjem ove stranice potvr\u0111ujete svoje prihva\u0107anje uvjeta koji su navedeni u nastavku ovog teksta. Radi osiguranja slobodnog i neometanog kori\u0161tenja usluga stranice sinergana.hr, ovi postupci [&hellip;]<\/p>","protected":false},"author":1,"featured_media":0,"parent":0,"menu_order":0,"comment_status":"closed","ping_status":"closed","template":"","meta":{"_acf_changed":false,"inline_featured_image":false,"footnotes":""},"class_list":["post-1789","page","type-page","status-publish","hentry"],"acf":[],"yoast_head":"<!-- This site is optimized with the Yoast SEO plugin v26.9 - https:\/\/yoast.com\/product\/yoast-seo-wordpress\/ -->\n<title>Uvjeti kori\u0161tenja - Sinergana<\/title>\n<meta name=\"robots\" content=\"index, follow, max-snippet:-1, max-image-preview:large, max-video-preview:-1\" \/>\n<link rel=\"canonical\" href=\"https:\/\/sinergana.hr\/en\/uvjeti-koristenja\/\" \/>\n<meta property=\"og:locale\" content=\"en_GB\" \/>\n<meta property=\"og:type\" content=\"article\" \/>\n<meta property=\"og:title\" content=\"Uvjeti kori\u0161tenja - Sinergana\" \/>\n<meta property=\"og:description\" content=\"Uvjeti kori\u0161tenja Upravitelj stranice Grad Rijeka omogu\u0107uje kori\u0161tenje usluga i sadr\u017eaja stranice sinergana.hr prema ni\u017ee navedenim Uvjetima kori\u0161tenja. Uvjeti kori\u0161tenja primjenjuju se na sve sadr\u017eaje i usluge stranice sinergana.hr. Daljnjim kori\u0161tenjem ove stranice potvr\u0111ujete svoje prihva\u0107anje uvjeta koji su navedeni u nastavku ovog teksta. Radi osiguranja slobodnog i neometanog kori\u0161tenja usluga stranice sinergana.hr, ovi postupci [&hellip;]\" \/>\n<meta property=\"og:url\" content=\"https:\/\/sinergana.hr\/en\/uvjeti-koristenja\/\" \/>\n<meta property=\"og:site_name\" content=\"Sinergana\" \/>\n<meta property=\"article:modified_time\" content=\"2023-06-26T07:24:04+00:00\" \/>\n<meta property=\"og:image\" content=\"https:\/\/sinergana.hr\/wp-content\/uploads\/2023\/04\/Frame-31.svg\" \/>\n<meta name=\"twitter:card\" content=\"summary_large_image\" \/>\n<meta name=\"twitter:label1\" content=\"Estimated reading time\" \/>\n\t<meta name=\"twitter:data1\" content=\"6 minutes\" \/>\n<script type=\"application\/ld+json\" class=\"yoast-schema-graph\">{\"@context\":\"https:\/\/schema.org\",\"@graph\":[{\"@type\":\"WebPage\",\"@id\":\"https:\/\/sinergana.hr\/uvjeti-koristenja\/\",\"url\":\"https:\/\/sinergana.hr\/uvjeti-koristenja\/\",\"name\":\"Uvjeti kori\u0161tenja - Sinergana\",\"isPartOf\":{\"@id\":\"https:\/\/sinergana.hr\/#website\"},\"primaryImageOfPage\":{\"@id\":\"https:\/\/sinergana.hr\/uvjeti-koristenja\/#primaryimage\"},\"image\":{\"@id\":\"https:\/\/sinergana.hr\/uvjeti-koristenja\/#primaryimage\"},\"thumbnailUrl\":\"https:\/\/sinergana.hr\/wp-content\/uploads\/2023\/04\/Frame-31.svg\",\"datePublished\":\"2023-04-19T07:20:14+00:00\",\"dateModified\":\"2023-06-26T07:24:04+00:00\",\"breadcrumb\":{\"@id\":\"https:\/\/sinergana.hr\/uvjeti-koristenja\/#breadcrumb\"},\"inLanguage\":\"en-GB\",\"potentialAction\":[{\"@type\":\"ReadAction\",\"target\":[\"https:\/\/sinergana.hr\/uvjeti-koristenja\/\"]}]},{\"@type\":\"ImageObject\",\"inLanguage\":\"en-GB\",\"@id\":\"https:\/\/sinergana.hr\/uvjeti-koristenja\/#primaryimage\",\"url\":\"https:\/\/sinergana.hr\/wp-content\/uploads\/2023\/04\/Frame-31.svg\",\"contentUrl\":\"https:\/\/sinergana.hr\/wp-content\/uploads\/2023\/04\/Frame-31.svg\"},{\"@type\":\"BreadcrumbList\",\"@id\":\"https:\/\/sinergana.hr\/uvjeti-koristenja\/#breadcrumb\",\"itemListElement\":[{\"@type\":\"ListItem\",\"position\":1,\"name\":\"Po\u010detna stranica\",\"item\":\"https:\/\/sinergana.hr\/\"},{\"@type\":\"ListItem\",\"position\":2,\"name\":\"Uvjeti kori\u0161tenja\"}]},{\"@type\":\"WebSite\",\"@id\":\"https:\/\/sinergana.hr\/#website\",\"url\":\"https:\/\/sinergana.hr\/\",\"name\":\"Sinergana\",\"description\":\"Inkubator za kreativne tehnologije i IT industriju\",\"publisher\":{\"@id\":\"https:\/\/sinergana.hr\/#organization\"},\"potentialAction\":[{\"@type\":\"SearchAction\",\"target\":{\"@type\":\"EntryPoint\",\"urlTemplate\":\"https:\/\/sinergana.hr\/?s={search_term_string}\"},\"query-input\":{\"@type\":\"PropertyValueSpecification\",\"valueRequired\":true,\"valueName\":\"search_term_string\"}}],\"inLanguage\":\"en-GB\"},{\"@type\":\"Organization\",\"@id\":\"https:\/\/sinergana.hr\/#organization\",\"name\":\"Sinergana\",\"url\":\"https:\/\/sinergana.hr\/\",\"logo\":{\"@type\":\"ImageObject\",\"inLanguage\":\"en-GB\",\"@id\":\"https:\/\/sinergana.hr\/#\/schema\/logo\/image\/\",\"url\":\"https:\/\/sinergana.hr\/wp-content\/uploads\/2023\/04\/logo-sinergana.svg\",\"contentUrl\":\"https:\/\/sinergana.hr\/wp-content\/uploads\/2023\/04\/logo-sinergana.svg\",\"width\":231,\"height\":88,\"caption\":\"Sinergana\"},\"image\":{\"@id\":\"https:\/\/sinergana.hr\/#\/schema\/logo\/image\/\"}}]}<\/script>\n<!-- \/ Yoast SEO plugin. -->","yoast_head_json":{"title":"Uvjeti kori\u0161tenja - Sinergana","robots":{"index":"index","follow":"follow","max-snippet":"max-snippet:-1","max-image-preview":"max-image-preview:large","max-video-preview":"max-video-preview:-1"},"canonical":"https:\/\/sinergana.hr\/en\/uvjeti-koristenja\/","og_locale":"en_GB","og_type":"article","og_title":"Uvjeti kori\u0161tenja - Sinergana","og_description":"Uvjeti kori\u0161tenja Upravitelj stranice Grad Rijeka omogu\u0107uje kori\u0161tenje usluga i sadr\u017eaja stranice sinergana.hr prema ni\u017ee navedenim Uvjetima kori\u0161tenja. Uvjeti kori\u0161tenja primjenjuju se na sve sadr\u017eaje i usluge stranice sinergana.hr. Daljnjim kori\u0161tenjem ove stranice potvr\u0111ujete svoje prihva\u0107anje uvjeta koji su navedeni u nastavku ovog teksta. Radi osiguranja slobodnog i neometanog kori\u0161tenja usluga stranice sinergana.hr, ovi postupci [&hellip;]","og_url":"https:\/\/sinergana.hr\/en\/uvjeti-koristenja\/","og_site_name":"Sinergana","article_modified_time":"2023-06-26T07:24:04+00:00","og_image":[{"url":"https:\/\/sinergana.hr\/wp-content\/uploads\/2023\/04\/Frame-31.svg","type":"","width":"","height":""}],"twitter_card":"summary_large_image","twitter_misc":{"Estimated reading time":"6 minutes"},"schema":{"@context":"https:\/\/schema.org","@graph":[{"@type":"WebPage","@id":"https:\/\/sinergana.hr\/uvjeti-koristenja\/","url":"https:\/\/sinergana.hr\/uvjeti-koristenja\/","name":"Uvjeti kori\u0161tenja - Sinergana","isPartOf":{"@id":"https:\/\/sinergana.hr\/#website"},"primaryImageOfPage":{"@id":"https:\/\/sinergana.hr\/uvjeti-koristenja\/#primaryimage"},"image":{"@id":"https:\/\/sinergana.hr\/uvjeti-koristenja\/#primaryimage"},"thumbnailUrl":"https:\/\/sinergana.hr\/wp-content\/uploads\/2023\/04\/Frame-31.svg","datePublished":"2023-04-19T07:20:14+00:00","dateModified":"2023-06-26T07:24:04+00:00","breadcrumb":{"@id":"https:\/\/sinergana.hr\/uvjeti-koristenja\/#breadcrumb"},"inLanguage":"en-GB","potentialAction":[{"@type":"ReadAction","target":["https:\/\/sinergana.hr\/uvjeti-koristenja\/"]}]},{"@type":"ImageObject","inLanguage":"en-GB","@id":"https:\/\/sinergana.hr\/uvjeti-koristenja\/#primaryimage","url":"https:\/\/sinergana.hr\/wp-content\/uploads\/2023\/04\/Frame-31.svg","contentUrl":"https:\/\/sinergana.hr\/wp-content\/uploads\/2023\/04\/Frame-31.svg"},{"@type":"BreadcrumbList","@id":"https:\/\/sinergana.hr\/uvjeti-koristenja\/#breadcrumb","itemListElement":[{"@type":"ListItem","position":1,"name":"Po\u010detna stranica","item":"https:\/\/sinergana.hr\/"},{"@type":"ListItem","position":2,"name":"Uvjeti kori\u0161tenja"}]},{"@type":"WebSite","@id":"https:\/\/sinergana.hr\/#website","url":"https:\/\/sinergana.hr\/","name":"Sinergana","description":"Creative Technologies and IT Industry Incubator","publisher":{"@id":"https:\/\/sinergana.hr\/#organization"},"potentialAction":[{"@type":"SearchAction","target":{"@type":"EntryPoint","urlTemplate":"https:\/\/sinergana.hr\/?s={search_term_string}"},"query-input":{"@type":"PropertyValueSpecification","valueRequired":true,"valueName":"search_term_string"}}],"inLanguage":"en-GB"},{"@type":"Organization","@id":"https:\/\/sinergana.hr\/#organization","name":"Sinergana","url":"https:\/\/sinergana.hr\/","logo":{"@type":"ImageObject","inLanguage":"en-GB","@id":"https:\/\/sinergana.hr\/#\/schema\/logo\/image\/","url":"https:\/\/sinergana.hr\/wp-content\/uploads\/2023\/04\/logo-sinergana.svg","contentUrl":"https:\/\/sinergana.hr\/wp-content\/uploads\/2023\/04\/logo-sinergana.svg","width":231,"height":88,"caption":"Sinergana"},"image":{"@id":"https:\/\/sinergana.hr\/#\/schema\/logo\/image\/"}}]}},"_links":{"self":[{"href":"https:\/\/sinergana.hr\/en\/wp-json\/wp\/v2\/pages\/1789","targetHints":{"allow":["GET"]}}],"collection":[{"href":"https:\/\/sinergana.hr\/en\/wp-json\/wp\/v2\/pages"}],"about":[{"href":"https:\/\/sinergana.hr\/en\/wp-json\/wp\/v2\/types\/page"}],"author":[{"embeddable":true,"href":"https:\/\/sinergana.hr\/en\/wp-json\/wp\/v2\/users\/1"}],"replies":[{"embeddable":true,"href":"https:\/\/sinergana.hr\/en\/wp-json\/wp\/v2\/comments?post=1789"}],"version-history":[{"count":31,"href":"https:\/\/sinergana.hr\/en\/wp-json\/wp\/v2\/pages\/1789\/revisions"}],"predecessor-version":[{"id":5816,"href":"https:\/\/sinergana.hr\/en\/wp-json\/wp\/v2\/pages\/1789\/revisions\/5816"}],"wp:attachment":[{"href":"https:\/\/sinergana.hr\/en\/wp-json\/wp\/v2\/media?parent=1789"}],"curies":[{"name":"wp","href":"https:\/\/api.w.org\/{rel}","templated":true}]}}