{"id":1791,"date":"2023-04-19T07:20:28","date_gmt":"2023-04-19T07:20:28","guid":{"rendered":"https:\/\/sinergana.hr\/?page_id=1791"},"modified":"2023-06-26T09:28:23","modified_gmt":"2023-06-26T07:28:23","slug":"zastita-podataka","status":"publish","type":"page","link":"https:\/\/sinergana.hr\/en\/zastita-podataka\/","title":{"rendered":"Za\u0161tita podataka"},"content":{"rendered":"<div data-elementor-type=\"wp-page\" data-elementor-id=\"1791\" class=\"elementor elementor-1791\" data-elementor-post-type=\"page\">\n\t\t\t\t\t\t<section class=\"has_ae_slider elementor-section elementor-top-section elementor-element elementor-element-d24b46b elementor-section-boxed elementor-section-height-default elementor-section-height-default ae-bg-gallery-type-default\" data-id=\"d24b46b\" data-element_type=\"section\" data-e-type=\"section\" id=\"crna-poz\" data-settings=\"{&quot;background_background&quot;:&quot;classic&quot;}\">\n\t\t\t\t\t\t<div class=\"elementor-container elementor-column-gap-default\">\n\t\t\t\t\t<div class=\"has_ae_slider elementor-column elementor-col-100 elementor-top-column elementor-element elementor-element-440e736 ae-bg-gallery-type-default\" data-id=\"440e736\" data-element_type=\"column\" data-e-type=\"column\">\n\t\t\t<div class=\"elementor-widget-wrap elementor-element-populated\">\n\t\t\t\t\t\t<div class=\"elementor-element elementor-element-2cce117 elementor-widget elementor-widget-heading\" data-id=\"2cce117\" data-element_type=\"widget\" data-e-type=\"widget\" data-widget_type=\"heading.default\">\n\t\t\t\t<div class=\"elementor-widget-container\">\n\t\t\t\t\t<h2 class=\"elementor-heading-title elementor-size-default\">Za\u0161tita podataka<\/h2>\t\t\t\t<\/div>\n\t\t\t\t<\/div>\n\t\t\t\t<div class=\"elementor-element elementor-element-c622695 elementor-widget elementor-widget-image\" data-id=\"c622695\" data-element_type=\"widget\" data-e-type=\"widget\" data-widget_type=\"image.default\">\n\t\t\t\t<div class=\"elementor-widget-container\">\n\t\t\t\t\t\t\t\t\t\t\t\t\t\t\t<img decoding=\"async\" width=\"311\" height=\"12\" src=\"https:\/\/sinergana.hr\/wp-content\/uploads\/2023\/04\/Frame-31.svg\" class=\"attachment-full size-full wp-image-865\" alt=\"\" \/>\t\t\t\t\t\t\t\t\t\t\t\t\t\t\t<\/div>\n\t\t\t\t<\/div>\n\t\t\t\t<section class=\"has_ae_slider elementor-section elementor-inner-section elementor-element elementor-element-7db70b2 elementor-section-boxed elementor-section-height-default elementor-section-height-default ae-bg-gallery-type-default\" data-id=\"7db70b2\" data-element_type=\"section\" data-e-type=\"section\">\n\t\t\t\t\t\t<div class=\"elementor-container elementor-column-gap-default\">\n\t\t\t\t\t<div class=\"has_ae_slider elementor-column elementor-col-100 elementor-inner-column elementor-element elementor-element-bde20e0 ae-bg-gallery-type-default\" data-id=\"bde20e0\" data-element_type=\"column\" data-e-type=\"column\" data-settings=\"{&quot;background_background&quot;:&quot;classic&quot;}\">\n\t\t\t<div class=\"elementor-widget-wrap elementor-element-populated\">\n\t\t\t\t\t\t<div class=\"elementor-element elementor-element-b4df1ae elementor-widget__width-initial elementor-widget elementor-widget-text-editor\" data-id=\"b4df1ae\" data-element_type=\"widget\" data-e-type=\"widget\" data-widget_type=\"text-editor.default\">\n\t\t\t\t<div class=\"elementor-widget-container\">\n\t\t\t\t\t\t\t\t\t<p><strong>Osobni podaci koje prikupljamo i u koju svrhu ih prikupljamo<\/strong><\/p><p><strong>IP adresa<\/strong> &#8211; prikuplja se i koristi samo u slu\u010daju povreda bilo kojeg zakona prilikom objavljivanja korisni\u010dkih sadr\u017eaja. U tom \u0107e se slu\u010daju ova adresa, na zahtjev dostaviti nadle\u017enim tijelima.<\/p><p><strong>KONTAKT FORMA <\/strong>&#8211; podaci koji se prikupljaju radi komunikacije s korisnicima: ime i prezime, email, broj telefona, tema i poruka.<\/p><p><strong>PRIJAVA NA NEWSLETTER<\/strong> &#8211; podaci koji se prikupljaju radi komunikacije s korisnicima: email.<\/p><p><strong>PRIJAVA NA DOGA\u0110AJ<\/strong> &#8211; podaci koji se prikupljaju radi komunikacije s korisnicima:\u00a0 ime i prezime, naziv poslovnog subjekta, sjedi\u0161te poslovnog subjekta, email i broj telefona.<\/p><p><strong>PRIJAVA ZA KONZULTACIJE (MENTORSTVA) <\/strong>&#8211; podaci koji se prikupljaju radi komunikacije s korisnicima: ime i prezime korisnika, naziv poslovnog subjekta korisnika, email, broj telefona, i tema konzultacije (mentorstva).\u00a0\u00a0<\/p><p><strong>PODACI O MENTORIMA<\/strong> &#8211; podaci koji se prikupljaju radi komunikacije s korisnicima: ime i prezime mentora, fotografija mentora, podaci iz \u017eivotopisa, poveznica na odgovaraju\u0107i internet izvor s vi\u0161e informacija.<\/p><p><strong>PODACI O KORISNICIMA <\/strong>&#8211; podaci koji se prikupljaju radi komunikacije s korisnicima: naziv poslovnog subjekta, opis poslovnih aktivnosti i\/ili startup projekta, period boravka u inkubatoru, poveznica na odgovaraju\u0107i internet izvor s vi\u0161e informacija, logotip i\/ili fotografija.<\/p><p><strong>FORMA PRIJAVE ZA INKUBACIJSKI PROGRAM<\/strong> &#8211; podaci koji se prikupljaju radi komunikacije s korisnicima: naziv poslovnog subjekta, OIB poslovnog subjekta, adresa sjedi\u0161ta, web stranica poslovnog subjekta, broj zaposlenih u trenutku prijave, osnovna djelatnost, ime i prezime podnositelja prijave, radno mjesto, e-mail, broj telefona, opis poslovnih aktivnosti i\/ili startup projekta, odabir jednog ili vi\u0161e modula.<\/p><p><strong>APPLY FOR THE INTERNATIONALIZATION<\/strong> &#8211; podaci koji se prikupljaju radi komunikacije s korisnicima: ime i prezime prijavitelja, naziv poslovnog subjekta, OIB poslovnog subjekta, oznaku je li poslovni subjekt u programu inkubacije inkubatora Sinergana, email i broj telefona.<\/p><p><strong>Temeljem \u010dega prikupljamo osobne podatke<\/strong><\/p><p>Podatke prikupljamo temeljem privole (suglasnosti) korisnika koji \u017eele koristiti usluge inkubatora Sinergana i funkcije stranice sinergana.hr.<\/p><p><strong>Na koji na\u010din \u0161titimo osobne podatke<\/strong><\/p><p>Svi prikupljeni podaci korisnika za\u0161ti\u0107eni su na web poslu\u017eitelju (serveru) Grada Rijeke.<\/p><p><strong>Koliko dugo \u010duvamo osobne podatke<\/strong><\/p><p>Navedene podatke koje prikupljamo \u010duvamo sve do uskrate suglasnosti korisnika, odnosno do zahtjeva korisnika za brisanjem njegovih osobnih podataka.<\/p><p><strong>Kako zatra\u017eiti pristup vlastitim podacima, ispravljanje podataka, prestanak kori\u0161tenja Va\u0161ih osobnih podataka i brisanje s platforme<\/strong><\/p><p>Prestanak kori\u0161tenja osobnih podataka u navedene svrhe, odnosno brisanje podataka, korisnik mo\u017ee zatra\u017eiti mailom na <span style=\"color: #000000;\"><a style=\"color: #000000;\" href=\"mailto:sinergana@rijeka.hr\"><span style=\"text-decoration: underline;\">sinergana@rijeka.hr<\/span><\/a> i <span style=\"text-decoration: underline;\"><a style=\"color: #000000; text-decoration: underline;\" href=\"mailto:info@sinergana.hr\">info@sinergana.hr<\/a>.<\/span><\/span> Upitom na iste emailove korisnik mo\u017ee zatra\u017eiti ispis podataka koje o njemu prikupljamo, kao i ispravak podataka.<\/p>\t\t\t\t\t\t\t\t<\/div>\n\t\t\t\t<\/div>\n\t\t\t\t\t<\/div>\n\t\t<\/div>\n\t\t\t\t\t<\/div>\n\t\t<\/section>\n\t\t\t\t\t<\/div>\n\t\t<\/div>\n\t\t\t\t\t<\/div>\n\t\t<\/section>\n\t\t\t\t<\/div>","protected":false},"excerpt":{"rendered":"<p>Za\u0161tita podataka Osobni podaci koje prikupljamo i u koju svrhu ih prikupljamo IP adresa &#8211; prikuplja se i koristi samo u slu\u010daju povreda bilo kojeg zakona prilikom objavljivanja korisni\u010dkih sadr\u017eaja. U tom \u0107e se slu\u010daju ova adresa, na zahtjev dostaviti nadle\u017enim tijelima. KONTAKT FORMA &#8211; podaci koji se prikupljaju radi komunikacije s korisnicima: ime i [&hellip;]<\/p>","protected":false},"author":1,"featured_media":0,"parent":0,"menu_order":0,"comment_status":"closed","ping_status":"closed","template":"","meta":{"_acf_changed":false,"inline_featured_image":false,"footnotes":""},"class_list":["post-1791","page","type-page","status-publish","hentry"],"acf":[],"yoast_head":"<!-- This site is optimized with the Yoast SEO plugin v26.9 - https:\/\/yoast.com\/product\/yoast-seo-wordpress\/ -->\n<title>Za\u0161tita podataka - Sinergana<\/title>\n<meta name=\"robots\" content=\"index, follow, max-snippet:-1, max-image-preview:large, max-video-preview:-1\" \/>\n<link rel=\"canonical\" href=\"https:\/\/sinergana.hr\/en\/zastita-podataka\/\" \/>\n<meta property=\"og:locale\" content=\"en_GB\" \/>\n<meta property=\"og:type\" content=\"article\" \/>\n<meta property=\"og:title\" content=\"Za\u0161tita podataka - Sinergana\" \/>\n<meta property=\"og:description\" content=\"Za\u0161tita podataka Osobni podaci koje prikupljamo i u koju svrhu ih prikupljamo IP adresa &#8211; prikuplja se i koristi samo u slu\u010daju povreda bilo kojeg zakona prilikom objavljivanja korisni\u010dkih sadr\u017eaja. U tom \u0107e se slu\u010daju ova adresa, na zahtjev dostaviti nadle\u017enim tijelima. KONTAKT FORMA &#8211; podaci koji se prikupljaju radi komunikacije s korisnicima: ime i [&hellip;]\" \/>\n<meta property=\"og:url\" content=\"https:\/\/sinergana.hr\/en\/zastita-podataka\/\" \/>\n<meta property=\"og:site_name\" content=\"Sinergana\" \/>\n<meta property=\"article:modified_time\" content=\"2023-06-26T07:28:23+00:00\" \/>\n<meta property=\"og:image\" content=\"https:\/\/sinergana.hr\/wp-content\/uploads\/2023\/04\/Frame-31.svg\" \/>\n<meta name=\"twitter:card\" content=\"summary_large_image\" \/>\n<meta name=\"twitter:label1\" content=\"Estimated reading time\" \/>\n\t<meta name=\"twitter:data1\" content=\"2 minutes\" \/>\n<script type=\"application\/ld+json\" class=\"yoast-schema-graph\">{\"@context\":\"https:\/\/schema.org\",\"@graph\":[{\"@type\":\"WebPage\",\"@id\":\"https:\/\/sinergana.hr\/zastita-podataka\/\",\"url\":\"https:\/\/sinergana.hr\/zastita-podataka\/\",\"name\":\"Za\u0161tita podataka - Sinergana\",\"isPartOf\":{\"@id\":\"https:\/\/sinergana.hr\/#website\"},\"primaryImageOfPage\":{\"@id\":\"https:\/\/sinergana.hr\/zastita-podataka\/#primaryimage\"},\"image\":{\"@id\":\"https:\/\/sinergana.hr\/zastita-podataka\/#primaryimage\"},\"thumbnailUrl\":\"https:\/\/sinergana.hr\/wp-content\/uploads\/2023\/04\/Frame-31.svg\",\"datePublished\":\"2023-04-19T07:20:28+00:00\",\"dateModified\":\"2023-06-26T07:28:23+00:00\",\"breadcrumb\":{\"@id\":\"https:\/\/sinergana.hr\/zastita-podataka\/#breadcrumb\"},\"inLanguage\":\"en-GB\",\"potentialAction\":[{\"@type\":\"ReadAction\",\"target\":[\"https:\/\/sinergana.hr\/zastita-podataka\/\"]}]},{\"@type\":\"ImageObject\",\"inLanguage\":\"en-GB\",\"@id\":\"https:\/\/sinergana.hr\/zastita-podataka\/#primaryimage\",\"url\":\"https:\/\/sinergana.hr\/wp-content\/uploads\/2023\/04\/Frame-31.svg\",\"contentUrl\":\"https:\/\/sinergana.hr\/wp-content\/uploads\/2023\/04\/Frame-31.svg\"},{\"@type\":\"BreadcrumbList\",\"@id\":\"https:\/\/sinergana.hr\/zastita-podataka\/#breadcrumb\",\"itemListElement\":[{\"@type\":\"ListItem\",\"position\":1,\"name\":\"Po\u010detna stranica\",\"item\":\"https:\/\/sinergana.hr\/\"},{\"@type\":\"ListItem\",\"position\":2,\"name\":\"Za\u0161tita podataka\"}]},{\"@type\":\"WebSite\",\"@id\":\"https:\/\/sinergana.hr\/#website\",\"url\":\"https:\/\/sinergana.hr\/\",\"name\":\"Sinergana\",\"description\":\"Inkubator za kreativne tehnologije i IT industriju\",\"publisher\":{\"@id\":\"https:\/\/sinergana.hr\/#organization\"},\"potentialAction\":[{\"@type\":\"SearchAction\",\"target\":{\"@type\":\"EntryPoint\",\"urlTemplate\":\"https:\/\/sinergana.hr\/?s={search_term_string}\"},\"query-input\":{\"@type\":\"PropertyValueSpecification\",\"valueRequired\":true,\"valueName\":\"search_term_string\"}}],\"inLanguage\":\"en-GB\"},{\"@type\":\"Organization\",\"@id\":\"https:\/\/sinergana.hr\/#organization\",\"name\":\"Sinergana\",\"url\":\"https:\/\/sinergana.hr\/\",\"logo\":{\"@type\":\"ImageObject\",\"inLanguage\":\"en-GB\",\"@id\":\"https:\/\/sinergana.hr\/#\/schema\/logo\/image\/\",\"url\":\"https:\/\/sinergana.hr\/wp-content\/uploads\/2023\/04\/logo-sinergana.svg\",\"contentUrl\":\"https:\/\/sinergana.hr\/wp-content\/uploads\/2023\/04\/logo-sinergana.svg\",\"width\":231,\"height\":88,\"caption\":\"Sinergana\"},\"image\":{\"@id\":\"https:\/\/sinergana.hr\/#\/schema\/logo\/image\/\"}}]}<\/script>\n<!-- \/ Yoast SEO plugin. -->","yoast_head_json":{"title":"Za\u0161tita podataka - Sinergana","robots":{"index":"index","follow":"follow","max-snippet":"max-snippet:-1","max-image-preview":"max-image-preview:large","max-video-preview":"max-video-preview:-1"},"canonical":"https:\/\/sinergana.hr\/en\/zastita-podataka\/","og_locale":"en_GB","og_type":"article","og_title":"Za\u0161tita podataka - Sinergana","og_description":"Za\u0161tita podataka Osobni podaci koje prikupljamo i u koju svrhu ih prikupljamo IP adresa &#8211; prikuplja se i koristi samo u slu\u010daju povreda bilo kojeg zakona prilikom objavljivanja korisni\u010dkih sadr\u017eaja. U tom \u0107e se slu\u010daju ova adresa, na zahtjev dostaviti nadle\u017enim tijelima. KONTAKT FORMA &#8211; podaci koji se prikupljaju radi komunikacije s korisnicima: ime i [&hellip;]","og_url":"https:\/\/sinergana.hr\/en\/zastita-podataka\/","og_site_name":"Sinergana","article_modified_time":"2023-06-26T07:28:23+00:00","og_image":[{"url":"https:\/\/sinergana.hr\/wp-content\/uploads\/2023\/04\/Frame-31.svg","type":"","width":"","height":""}],"twitter_card":"summary_large_image","twitter_misc":{"Estimated reading time":"2 minutes"},"schema":{"@context":"https:\/\/schema.org","@graph":[{"@type":"WebPage","@id":"https:\/\/sinergana.hr\/zastita-podataka\/","url":"https:\/\/sinergana.hr\/zastita-podataka\/","name":"Za\u0161tita podataka - Sinergana","isPartOf":{"@id":"https:\/\/sinergana.hr\/#website"},"primaryImageOfPage":{"@id":"https:\/\/sinergana.hr\/zastita-podataka\/#primaryimage"},"image":{"@id":"https:\/\/sinergana.hr\/zastita-podataka\/#primaryimage"},"thumbnailUrl":"https:\/\/sinergana.hr\/wp-content\/uploads\/2023\/04\/Frame-31.svg","datePublished":"2023-04-19T07:20:28+00:00","dateModified":"2023-06-26T07:28:23+00:00","breadcrumb":{"@id":"https:\/\/sinergana.hr\/zastita-podataka\/#breadcrumb"},"inLanguage":"en-GB","potentialAction":[{"@type":"ReadAction","target":["https:\/\/sinergana.hr\/zastita-podataka\/"]}]},{"@type":"ImageObject","inLanguage":"en-GB","@id":"https:\/\/sinergana.hr\/zastita-podataka\/#primaryimage","url":"https:\/\/sinergana.hr\/wp-content\/uploads\/2023\/04\/Frame-31.svg","contentUrl":"https:\/\/sinergana.hr\/wp-content\/uploads\/2023\/04\/Frame-31.svg"},{"@type":"BreadcrumbList","@id":"https:\/\/sinergana.hr\/zastita-podataka\/#breadcrumb","itemListElement":[{"@type":"ListItem","position":1,"name":"Po\u010detna stranica","item":"https:\/\/sinergana.hr\/"},{"@type":"ListItem","position":2,"name":"Za\u0161tita podataka"}]},{"@type":"WebSite","@id":"https:\/\/sinergana.hr\/#website","url":"https:\/\/sinergana.hr\/","name":"Sinergana","description":"Creative Technologies and IT Industry Incubator","publisher":{"@id":"https:\/\/sinergana.hr\/#organization"},"potentialAction":[{"@type":"SearchAction","target":{"@type":"EntryPoint","urlTemplate":"https:\/\/sinergana.hr\/?s={search_term_string}"},"query-input":{"@type":"PropertyValueSpecification","valueRequired":true,"valueName":"search_term_string"}}],"inLanguage":"en-GB"},{"@type":"Organization","@id":"https:\/\/sinergana.hr\/#organization","name":"Sinergana","url":"https:\/\/sinergana.hr\/","logo":{"@type":"ImageObject","inLanguage":"en-GB","@id":"https:\/\/sinergana.hr\/#\/schema\/logo\/image\/","url":"https:\/\/sinergana.hr\/wp-content\/uploads\/2023\/04\/logo-sinergana.svg","contentUrl":"https:\/\/sinergana.hr\/wp-content\/uploads\/2023\/04\/logo-sinergana.svg","width":231,"height":88,"caption":"Sinergana"},"image":{"@id":"https:\/\/sinergana.hr\/#\/schema\/logo\/image\/"}}]}},"_links":{"self":[{"href":"https:\/\/sinergana.hr\/en\/wp-json\/wp\/v2\/pages\/1791","targetHints":{"allow":["GET"]}}],"collection":[{"href":"https:\/\/sinergana.hr\/en\/wp-json\/wp\/v2\/pages"}],"about":[{"href":"https:\/\/sinergana.hr\/en\/wp-json\/wp\/v2\/types\/page"}],"author":[{"embeddable":true,"href":"https:\/\/sinergana.hr\/en\/wp-json\/wp\/v2\/users\/1"}],"replies":[{"embeddable":true,"href":"https:\/\/sinergana.hr\/en\/wp-json\/wp\/v2\/comments?post=1791"}],"version-history":[{"count":48,"href":"https:\/\/sinergana.hr\/en\/wp-json\/wp\/v2\/pages\/1791\/revisions"}],"predecessor-version":[{"id":5821,"href":"https:\/\/sinergana.hr\/en\/wp-json\/wp\/v2\/pages\/1791\/revisions\/5821"}],"wp:attachment":[{"href":"https:\/\/sinergana.hr\/en\/wp-json\/wp\/v2\/media?parent=1791"}],"curies":[{"name":"wp","href":"https:\/\/api.w.org\/{rel}","templated":true}]}}