{"id":1793,"date":"2023-04-19T07:20:40","date_gmt":"2023-04-19T07:20:40","guid":{"rendered":"https:\/\/sinergana.hr\/?page_id=1793"},"modified":"2023-06-26T09:13:23","modified_gmt":"2023-06-26T07:13:23","slug":"politika-kolacica","status":"publish","type":"page","link":"https:\/\/sinergana.hr\/en\/politika-kolacica\/","title":{"rendered":"Cookie policy"},"content":{"rendered":"<div data-elementor-type=\"wp-page\" data-elementor-id=\"1793\" class=\"elementor elementor-1793\" data-elementor-post-type=\"page\">\n\t\t\t\t\t\t<section class=\"has_ae_slider elementor-section elementor-top-section elementor-element elementor-element-2b2059c elementor-section-boxed elementor-section-height-default elementor-section-height-default ae-bg-gallery-type-default\" data-id=\"2b2059c\" data-element_type=\"section\" data-e-type=\"section\" id=\"crna-poz\" data-settings=\"{&quot;background_background&quot;:&quot;classic&quot;}\">\n\t\t\t\t\t\t<div class=\"elementor-container elementor-column-gap-default\">\n\t\t\t\t\t<div class=\"has_ae_slider elementor-column elementor-col-100 elementor-top-column elementor-element elementor-element-12f7a43 ae-bg-gallery-type-default\" data-id=\"12f7a43\" data-element_type=\"column\" data-e-type=\"column\">\n\t\t\t<div class=\"elementor-widget-wrap elementor-element-populated\">\n\t\t\t\t\t\t<div class=\"elementor-element elementor-element-f3a5819 elementor-widget elementor-widget-heading\" data-id=\"f3a5819\" data-element_type=\"widget\" data-e-type=\"widget\" data-widget_type=\"heading.default\">\n\t\t\t\t<div class=\"elementor-widget-container\">\n\t\t\t\t\t<h2 class=\"elementor-heading-title elementor-size-default\">Cookie policy<\/h2>\t\t\t\t<\/div>\n\t\t\t\t<\/div>\n\t\t\t\t<div class=\"elementor-element elementor-element-2696d38 elementor-widget elementor-widget-image\" data-id=\"2696d38\" data-element_type=\"widget\" data-e-type=\"widget\" data-widget_type=\"image.default\">\n\t\t\t\t<div class=\"elementor-widget-container\">\n\t\t\t\t\t\t\t\t\t\t\t\t\t\t\t<img decoding=\"async\" width=\"311\" height=\"12\" src=\"https:\/\/sinergana.hr\/wp-content\/uploads\/2023\/04\/Frame-31.svg\" class=\"attachment-full size-full wp-image-865\" alt=\"\" \/>\t\t\t\t\t\t\t\t\t\t\t\t\t\t\t<\/div>\n\t\t\t\t<\/div>\n\t\t\t\t<section class=\"has_ae_slider elementor-section elementor-inner-section elementor-element elementor-element-031c8c6 elementor-section-boxed elementor-section-height-default elementor-section-height-default ae-bg-gallery-type-default\" data-id=\"031c8c6\" data-element_type=\"section\" data-e-type=\"section\">\n\t\t\t\t\t\t<div class=\"elementor-container elementor-column-gap-default\">\n\t\t\t\t\t<div class=\"has_ae_slider elementor-column elementor-col-100 elementor-inner-column elementor-element elementor-element-8d76f37 ae-bg-gallery-type-default\" data-id=\"8d76f37\" data-element_type=\"column\" data-e-type=\"column\" data-settings=\"{&quot;background_background&quot;:&quot;classic&quot;}\">\n\t\t\t<div class=\"elementor-widget-wrap elementor-element-populated\">\n\t\t\t\t\t\t<div class=\"elementor-element elementor-element-0cd5943 elementor-widget__width-initial elementor-widget elementor-widget-text-editor\" data-id=\"0cd5943\" data-element_type=\"widget\" data-e-type=\"widget\" data-widget_type=\"text-editor.default\">\n\t\t\t\t<div class=\"elementor-widget-container\">\n\t\t\t\t\t\t\t\t\t<p>Sukladno uobi\u010dajenoj praksi kod profesionalno upravljanih web stanica, Grad Rijeka prikuplja informacije koje se ti\u010du IP adresa, preuzetog sadr\u017eaja, broja posjetitelja, vremena posjeta, vrste pretra\u017eiva\u010da i operativnih sustava, kao i demografske podatke posjeta po zemljama, na\u010dina pristupa ovoj web stranici (izravno ili preko druge poveznice), a sve u statisti\u010dke svrhe i analize koje slu\u017ee pobolj\u0161anju sadr\u017eaja web stranice.<\/p><p><strong>Politika kori\u0161tenja kola\u010di\u0107a<\/strong><\/p><p>Kada koristite ove internetske stranice, Grad Rijeka ili tre\u0107e strane koristimo kola\u010di\u0107e kako bismo omogu\u0107ili funkcioniranje stranice te prikupili razli\u010dite korisne informacije koje koristimo radi unaprje\u0111enja funkcionalnosti stranice i na\u0161ih usluga. Pregledom <em>Politike kori\u0161tenja kola\u010di\u0107a<\/em> (dalje u tekstu: <em>Politika<\/em>) mo\u017eete saznati osnovne informacije o kola\u010di\u0107ima, koje funkcije obavljaju i koje su va\u0161e mogu\u0107nosti glede njihove upotrebe.<\/p><p><strong>\u0160to su kola\u010di\u0107i?<\/strong><\/p><p>Kola\u010di\u0107i su male tekstualne datoteke koje na Va\u0161e ra\u010dunalo\/ure\u0111aj stavljaju internetske stranice koje posje\u0107ujete. Koriste se kako bi se osigurao ispravan i\/ili u\u010dinkovitiji rad internetskih stranica, kao i za pribavljanje razli\u010ditih informacija za potrebe vlasnika internetske stranice. Upotreba kola\u010di\u0107a je danas vrlo ra\u0161irena i uobi\u010dajena kod gotovo svih internetskih stranica. Vi\u0161e o kola\u010di\u0107ima mo\u017eete saznati <span style=\"text-decoration: underline; color: #000000;\"><a style=\"color: #000000;\" href=\"https:\/\/cookiepedia.co.uk\/all-about-cookies\" target=\"_blank\" rel=\"noopener\"><strong>ovdje<\/strong><\/a>.<\/span><\/p><p>Kola\u010di\u0107i obi\u010dno ne sadr\u017ee nikakve informacije koje osobno identificiraju korisnika stranice, no informacije pohranjene u kola\u010di\u0107ima i\/ili pribavljene upotrebom kola\u010di\u0107a mogu biti povezane s osobnim informacijama koje internetske stranice ina\u010de pohranjuju.<\/p><p>Ako se ne osje\u0107ate ugodno zbog kori\u0161tenja kola\u010di\u0107a, mo\u017eete njima upravljati kroz opcije u va\u0161em internetskom pregledniku, uklju\u010divo i ukloniti kola\u010di\u0107e na na\u010din da ih izbri\u0161ete iz povijesti pretra\u017eivanja (predmemorije) nakon \u0161to napustite stranicu.<\/p><p><strong>Vrste kola\u010di\u0107a<\/strong><\/p><p>Kola\u010di\u0107e mo\u017eemo podijeliti prema njihovim funkcionalnostima.<\/p><p><strong>&#8216;Nu\u017eni kola\u010di\u0107i&#8217;<\/strong> neophodni su za funkcioniranje stranice i omogu\u0107uju posjetitelju kretanje po internetskoj stranici i kori\u0161tenje njezinih zna\u010dajki (npr. pristup sigurnim podru\u010djima stranice).<\/p><p><strong>&#8216;Funkcionalni kola\u010di\u0107i&#8217;<\/strong> omogu\u0107avaju internetskim stranicama da zapamte Va\u0161e izbore glede kori\u0161tenja stranice (npr. promjene u veli\u010dini fonta, personalizacije stranice i sl.) ili za funkcioniranje raznih dodatnih usluga, poput ostavljanja komentara na blogovima i forumima.<\/p><p><strong>&#8216;Izvedbeni (statisti\u010dki) kola\u010di\u0107i&#8217;<\/strong> prikupljaju vlasnicima stranica statisti\u010dke podatke o stranicama, uglavnom radi mjerenja i pobolj\u0161anja izvedbe stranice. Funkcioniraju na na\u010din da prikupljaju podatke o Va\u0161em kori\u0161tenju internetskih stranica (primjerice informacija o stranicama koje posje\u0107ujete i gre\u0161kama na tim stranicama, brzini u\u010ditavanja stranica i sl.), pri \u010demu ne prikupljaju informacije koje Vas mogu pobli\u017ee identificirati.<\/p><p><strong>&#8216;Marketin\u0161ki kola\u010di\u0107i&#8217;<\/strong> se koriste za odabir oglasa koji \u0107e Vam biti prikazani, na na\u010din da isti budu relevantniji Vama i Va\u0161im interesima. Ovi kola\u010di\u0107i prate Va\u0161e posjete pojedinim web lokacijama i te informacije dijele s drugim organizacijama (vlasnicima stranica i ogla\u0161iva\u010dima).<\/p><p><strong>Trajanje kola\u010di\u0107a<\/strong><\/p><p>U svaki kola\u010di\u0107 ugra\u0111en je mehanizam koji odre\u0111uje koliko \u0107e se kola\u010di\u0107 zadr\u017eati u va\u0161em pregledniku. &#8216;Privremeni kola\u010di\u0107i&#8217; ostaju u va\u0161em pregledniku samo za vrijeme va\u0161eg posjeta (sesije) internetskoj stranici te se uni\u0161tavaju nakon \u0161to napustite stranicu.<\/p><p>&#8216;Trajni kola\u010di\u0107i&#8217; ostaju u va\u0161em pregledniku i nakon \u0161to napustite stranicu. Koliko dugo \u0107e se zadr\u017eati (satima, danima, godinama) ovisi o vijeku trajanja ugra\u0111enom u svaki pojedini kola\u010di\u0107. Trajni kola\u010di\u0107i se mogu koristiti, primjerice, za memoriranje podataka koji se upisuju prilikom prijave u neku uslugu (kako se posjetitelj ne bi morao svaki put iznova prijavljivati). Tako\u0111er se koriste za pra\u0107enje pona\u0161anja posjetitelja na internetskoj stranici, kako bi se iz prikupljenih podataka bolje razumjelo \u0161to se posjetiteljima svi\u0111a, a \u0161to ne, \u0161to vlasnicima stranice omogu\u0107uje unaprje\u0111enje funkcionalnosti stranice. Neovisno o ugra\u0111enom vremenu isteka, svaki kola\u010di\u0107 mo\u017eete sami izbrisati u bilo kojem trenutku.<\/p><p><strong>Kakve kola\u010di\u0107e koristimo i za\u0161to?<\/strong><\/p><p>Privremeni kola\u010di\u0107i ili kola\u010di\u0107i sesije uklanjaju se s ra\u010dunala po zatvaranju internetskog preglednika. Pomo\u0107u njih web-mjesta pohranjuju privremene podatke. Koristimo ih da omogu\u0107imo pristup sadr\u017eaju.<\/p><p>Trajni ili spremljeni kola\u010di\u0107i ostaju na ra\u010dunalu nakon zatvaranja internetskog preglednika. Pomo\u0107u njih web-mjesta pohranjuju podatke, kao \u0161to su ime za prijavu i zaporka, tako da se ne morate prijavljivati prilikom svakog posjeta odre\u0111enom mjestu. Trajni kola\u010di\u0107i ostat \u0107e na ra\u010dunalu danima, mjesecima, \u010dak i godinama.<\/p><p>Prikupljamo kola\u010di\u0107e koji:<\/p><ul><li>omogu\u0107uju da korisnik ostane prijavljen na stranicu ukoliko zatvori tab \u2013 kola\u010di\u0107 traje do trenutka odjave s portala, maksimalno godinu dana<\/li><li>omogu\u0107uju korisniku prikaz naj\u010ditanijeg sadr\u017eaja<\/li><li>omogu\u0107uju da se jednokratno broji jedinstveni pregled sadr\u017eaja<\/li><li>omogu\u0107uju op\u0107u Google analitiku stranice<\/li><li>kola\u010di\u0107i Facebook, Twitter i Google \u2013 prema njihovim pravilima kori\u0161tenja.<\/li><\/ul><p><strong><br \/>Kakav izbor imate u vezi kola\u010di\u0107a<\/strong><\/p><p>Isklju\u010divanjem kola\u010di\u0107a odlu\u010dujete da ne\u0107ete dopustiti pohranjivanje kola\u010di\u0107a na va\u0161em ra\u010dunalu. Postavke kola\u010di\u0107a mogu se kontrolirati i konfigurirati u va\u0161em internet pregledniku. Za informacije o postavkama kola\u010di\u0107a, odaberite Internet preglednik koji koristite.<\/p><p><span style=\"text-decoration: underline; color: #000000;\"><a style=\"color: #000000; text-decoration: underline;\" href=\"https:\/\/support.google.com\/accounts\/answer\/61416?hl=en\" target=\"_blank\" rel=\"noopener\">Chrome<\/a><\/span><br \/><span style=\"text-decoration: underline; color: #000000;\"><a style=\"color: #000000; text-decoration: underline;\" href=\"https:\/\/support.mozilla.org\/en-US\/kb\/enable-and-disable-cookies-website-preferences\" target=\"_blank\" rel=\"noopener\">Firefox<\/a><\/span><br \/><span style=\"text-decoration: underline; color: #000000;\"><a style=\"color: #000000; text-decoration: underline;\" href=\"https:\/\/support.microsoft.com\/hr-hr\/help\/17442\/windows-internet-explorer-delete-manage-cookies\" target=\"_blank\" rel=\"noopener\">Internet Explorer<\/a><\/span><br \/><span style=\"text-decoration: underline; color: #000000;\"><a style=\"color: #000000; text-decoration: underline;\" href=\"https:\/\/www.opera.com\/help\/tutorials\/security\/privacy\/\" target=\"_blank\" rel=\"noopener\">Opera<\/a><\/span><br \/><span style=\"text-decoration: underline; color: #000000;\"><a style=\"color: #000000; text-decoration: underline;\" href=\"https:\/\/support.apple.com\/kb\/PH17191?locale=hr_HR\" target=\"_blank\" rel=\"noopener\">Safari<\/a><\/span><\/p><p><span style=\"color: #000000;\">Imajte na umu: blokiranjem kola\u010di\u0107a i dalje mo\u017eete pregledavati ovu internet stranicu, no neke njezine mogu\u0107nosti Vam mo\u017eda ne\u0107e biti dostupne. Ako \u017eelite saznati vi\u0161e o kola\u010di\u0107ima, uklju\u010duju\u0107i i informacije o tome kako se kola\u010di\u0107i postavljaju te kako mo\u017eete upravljati njima ili ih isklju\u010diti, posjetite web stranicu <a style=\"color: #000000;\" href=\"http:\/\/www.allaboutcookies.org\/\" target=\"_blank\" rel=\"noopener\">www.allaboutcookies.org<\/a> ili <a style=\"color: #000000;\" href=\"http:\/\/www.youronlinechoices.eu\/\" target=\"_blank\" rel=\"noopener\">www.youronlinechoices.eu.<\/a><strong>\u00a0<\/strong>Ako \u017eelite onemogu\u0107iti pra\u0107enje putem servisa Google Analytics na svim web mjestima, posjetite web stranicu <span style=\"text-decoration: underline;\"><a style=\"color: #000000; text-decoration: underline;\" href=\"https:\/\/tools.google.com\/dlpage\/gaoptout\" target=\"_blank\" rel=\"noopener\">http:\/\/tools.google.com\/dlpage\/gaoptout<\/a>.<\/span><\/span><\/p><p><strong>Izmjene na\u0161e politike o kola\u010di\u0107ima<\/strong><\/p><p>Svaku budu\u0107u izmjenu na\u0161e politike o kola\u010di\u0107ima objavit \u0107emo na ovoj internet stranici. Molimo Vas da povremeno posjetite ovu stranicu radi informiranja o mogu\u0107im izmjenama na\u0161e Politike o kola\u010di\u0107ima.<\/p><p><strong>Contact<\/strong><\/p><p>Sva pitanja, komentari i zahtjevi vezani uz ovu politiku o kola\u010di\u0107ima su dobrodo\u0161li te ih mo\u017eete uputiti na adresu Grada Rijeke: <span style=\"text-decoration: underline;\"><span style=\"color: #000000; text-decoration: underline;\"><a style=\"color: #000000; text-decoration: underline;\" href=\"mailto:sinergana@rijeka.hr\">sinergana@rijeka.hr<\/a>.<\/span><\/span><\/p>\t\t\t\t\t\t\t\t<\/div>\n\t\t\t\t<\/div>\n\t\t\t\t\t<\/div>\n\t\t<\/div>\n\t\t\t\t\t<\/div>\n\t\t<\/section>\n\t\t\t\t\t<\/div>\n\t\t<\/div>\n\t\t\t\t\t<\/div>\n\t\t<\/section>\n\t\t\t\t<\/div>","protected":false},"excerpt":{"rendered":"<p>Politika kola\u010di\u0107a Sukladno uobi\u010dajenoj praksi kod profesionalno upravljanih web stanica, Grad Rijeka prikuplja informacije koje se ti\u010du IP adresa, preuzetog sadr\u017eaja, broja posjetitelja, vremena posjeta, vrste pretra\u017eiva\u010da i operativnih sustava, kao i demografske podatke posjeta po zemljama, na\u010dina pristupa ovoj web stranici (izravno ili preko druge poveznice), a sve u statisti\u010dke svrhe i analize koje [&hellip;]<\/p>","protected":false},"author":1,"featured_media":0,"parent":0,"menu_order":0,"comment_status":"closed","ping_status":"closed","template":"","meta":{"_acf_changed":false,"inline_featured_image":false,"footnotes":""},"class_list":["post-1793","page","type-page","status-publish","hentry"],"acf":[],"yoast_head":"<!-- This site is optimized with the Yoast SEO plugin v26.9 - https:\/\/yoast.com\/product\/yoast-seo-wordpress\/ -->\n<title>Politika kola\u010di\u0107a - Sinergana<\/title>\n<meta name=\"robots\" content=\"index, follow, max-snippet:-1, max-image-preview:large, max-video-preview:-1\" \/>\n<link rel=\"canonical\" href=\"https:\/\/sinergana.hr\/en\/politika-kolacica\/\" \/>\n<meta property=\"og:locale\" content=\"en_GB\" \/>\n<meta property=\"og:type\" content=\"article\" \/>\n<meta property=\"og:title\" content=\"Politika kola\u010di\u0107a - Sinergana\" \/>\n<meta property=\"og:description\" content=\"Politika kola\u010di\u0107a Sukladno uobi\u010dajenoj praksi kod profesionalno upravljanih web stanica, Grad Rijeka prikuplja informacije koje se ti\u010du IP adresa, preuzetog sadr\u017eaja, broja posjetitelja, vremena posjeta, vrste pretra\u017eiva\u010da i operativnih sustava, kao i demografske podatke posjeta po zemljama, na\u010dina pristupa ovoj web stranici (izravno ili preko druge poveznice), a sve u statisti\u010dke svrhe i analize koje [&hellip;]\" \/>\n<meta property=\"og:url\" content=\"https:\/\/sinergana.hr\/en\/politika-kolacica\/\" \/>\n<meta property=\"og:site_name\" content=\"Sinergana\" \/>\n<meta property=\"article:modified_time\" content=\"2023-06-26T07:13:23+00:00\" \/>\n<meta property=\"og:image\" content=\"https:\/\/sinergana.hr\/wp-content\/uploads\/2023\/04\/Frame-31.svg\" \/>\n<meta name=\"twitter:card\" content=\"summary_large_image\" \/>\n<meta name=\"twitter:label1\" content=\"Estimated reading time\" \/>\n\t<meta name=\"twitter:data1\" content=\"5 minutes\" \/>\n<script type=\"application\/ld+json\" class=\"yoast-schema-graph\">{\"@context\":\"https:\/\/schema.org\",\"@graph\":[{\"@type\":\"WebPage\",\"@id\":\"https:\/\/sinergana.hr\/politika-kolacica\/\",\"url\":\"https:\/\/sinergana.hr\/politika-kolacica\/\",\"name\":\"Politika kola\u010di\u0107a - Sinergana\",\"isPartOf\":{\"@id\":\"https:\/\/sinergana.hr\/#website\"},\"primaryImageOfPage\":{\"@id\":\"https:\/\/sinergana.hr\/politika-kolacica\/#primaryimage\"},\"image\":{\"@id\":\"https:\/\/sinergana.hr\/politika-kolacica\/#primaryimage\"},\"thumbnailUrl\":\"https:\/\/sinergana.hr\/wp-content\/uploads\/2023\/04\/Frame-31.svg\",\"datePublished\":\"2023-04-19T07:20:40+00:00\",\"dateModified\":\"2023-06-26T07:13:23+00:00\",\"breadcrumb\":{\"@id\":\"https:\/\/sinergana.hr\/politika-kolacica\/#breadcrumb\"},\"inLanguage\":\"en-GB\",\"potentialAction\":[{\"@type\":\"ReadAction\",\"target\":[\"https:\/\/sinergana.hr\/politika-kolacica\/\"]}]},{\"@type\":\"ImageObject\",\"inLanguage\":\"en-GB\",\"@id\":\"https:\/\/sinergana.hr\/politika-kolacica\/#primaryimage\",\"url\":\"https:\/\/sinergana.hr\/wp-content\/uploads\/2023\/04\/Frame-31.svg\",\"contentUrl\":\"https:\/\/sinergana.hr\/wp-content\/uploads\/2023\/04\/Frame-31.svg\"},{\"@type\":\"BreadcrumbList\",\"@id\":\"https:\/\/sinergana.hr\/politika-kolacica\/#breadcrumb\",\"itemListElement\":[{\"@type\":\"ListItem\",\"position\":1,\"name\":\"Po\u010detna stranica\",\"item\":\"https:\/\/sinergana.hr\/\"},{\"@type\":\"ListItem\",\"position\":2,\"name\":\"Politika kola\u010di\u0107a\"}]},{\"@type\":\"WebSite\",\"@id\":\"https:\/\/sinergana.hr\/#website\",\"url\":\"https:\/\/sinergana.hr\/\",\"name\":\"Sinergana\",\"description\":\"Inkubator za kreativne tehnologije i IT industriju\",\"publisher\":{\"@id\":\"https:\/\/sinergana.hr\/#organization\"},\"potentialAction\":[{\"@type\":\"SearchAction\",\"target\":{\"@type\":\"EntryPoint\",\"urlTemplate\":\"https:\/\/sinergana.hr\/?s={search_term_string}\"},\"query-input\":{\"@type\":\"PropertyValueSpecification\",\"valueRequired\":true,\"valueName\":\"search_term_string\"}}],\"inLanguage\":\"en-GB\"},{\"@type\":\"Organization\",\"@id\":\"https:\/\/sinergana.hr\/#organization\",\"name\":\"Sinergana\",\"url\":\"https:\/\/sinergana.hr\/\",\"logo\":{\"@type\":\"ImageObject\",\"inLanguage\":\"en-GB\",\"@id\":\"https:\/\/sinergana.hr\/#\/schema\/logo\/image\/\",\"url\":\"https:\/\/sinergana.hr\/wp-content\/uploads\/2023\/04\/logo-sinergana.svg\",\"contentUrl\":\"https:\/\/sinergana.hr\/wp-content\/uploads\/2023\/04\/logo-sinergana.svg\",\"width\":231,\"height\":88,\"caption\":\"Sinergana\"},\"image\":{\"@id\":\"https:\/\/sinergana.hr\/#\/schema\/logo\/image\/\"}}]}<\/script>\n<!-- \/ Yoast SEO plugin. -->","yoast_head_json":{"title":"Politika kola\u010di\u0107a - Sinergana","robots":{"index":"index","follow":"follow","max-snippet":"max-snippet:-1","max-image-preview":"max-image-preview:large","max-video-preview":"max-video-preview:-1"},"canonical":"https:\/\/sinergana.hr\/en\/politika-kolacica\/","og_locale":"en_GB","og_type":"article","og_title":"Politika kola\u010di\u0107a - Sinergana","og_description":"Politika kola\u010di\u0107a Sukladno uobi\u010dajenoj praksi kod profesionalno upravljanih web stanica, Grad Rijeka prikuplja informacije koje se ti\u010du IP adresa, preuzetog sadr\u017eaja, broja posjetitelja, vremena posjeta, vrste pretra\u017eiva\u010da i operativnih sustava, kao i demografske podatke posjeta po zemljama, na\u010dina pristupa ovoj web stranici (izravno ili preko druge poveznice), a sve u statisti\u010dke svrhe i analize koje [&hellip;]","og_url":"https:\/\/sinergana.hr\/en\/politika-kolacica\/","og_site_name":"Sinergana","article_modified_time":"2023-06-26T07:13:23+00:00","og_image":[{"url":"https:\/\/sinergana.hr\/wp-content\/uploads\/2023\/04\/Frame-31.svg","type":"","width":"","height":""}],"twitter_card":"summary_large_image","twitter_misc":{"Estimated reading time":"5 minutes"},"schema":{"@context":"https:\/\/schema.org","@graph":[{"@type":"WebPage","@id":"https:\/\/sinergana.hr\/politika-kolacica\/","url":"https:\/\/sinergana.hr\/politika-kolacica\/","name":"Politika kola\u010di\u0107a - Sinergana","isPartOf":{"@id":"https:\/\/sinergana.hr\/#website"},"primaryImageOfPage":{"@id":"https:\/\/sinergana.hr\/politika-kolacica\/#primaryimage"},"image":{"@id":"https:\/\/sinergana.hr\/politika-kolacica\/#primaryimage"},"thumbnailUrl":"https:\/\/sinergana.hr\/wp-content\/uploads\/2023\/04\/Frame-31.svg","datePublished":"2023-04-19T07:20:40+00:00","dateModified":"2023-06-26T07:13:23+00:00","breadcrumb":{"@id":"https:\/\/sinergana.hr\/politika-kolacica\/#breadcrumb"},"inLanguage":"en-GB","potentialAction":[{"@type":"ReadAction","target":["https:\/\/sinergana.hr\/politika-kolacica\/"]}]},{"@type":"ImageObject","inLanguage":"en-GB","@id":"https:\/\/sinergana.hr\/politika-kolacica\/#primaryimage","url":"https:\/\/sinergana.hr\/wp-content\/uploads\/2023\/04\/Frame-31.svg","contentUrl":"https:\/\/sinergana.hr\/wp-content\/uploads\/2023\/04\/Frame-31.svg"},{"@type":"BreadcrumbList","@id":"https:\/\/sinergana.hr\/politika-kolacica\/#breadcrumb","itemListElement":[{"@type":"ListItem","position":1,"name":"Po\u010detna stranica","item":"https:\/\/sinergana.hr\/"},{"@type":"ListItem","position":2,"name":"Politika kola\u010di\u0107a"}]},{"@type":"WebSite","@id":"https:\/\/sinergana.hr\/#website","url":"https:\/\/sinergana.hr\/","name":"Sinergana","description":"Creative Technologies and IT Industry Incubator","publisher":{"@id":"https:\/\/sinergana.hr\/#organization"},"potentialAction":[{"@type":"SearchAction","target":{"@type":"EntryPoint","urlTemplate":"https:\/\/sinergana.hr\/?s={search_term_string}"},"query-input":{"@type":"PropertyValueSpecification","valueRequired":true,"valueName":"search_term_string"}}],"inLanguage":"en-GB"},{"@type":"Organization","@id":"https:\/\/sinergana.hr\/#organization","name":"Sinergana","url":"https:\/\/sinergana.hr\/","logo":{"@type":"ImageObject","inLanguage":"en-GB","@id":"https:\/\/sinergana.hr\/#\/schema\/logo\/image\/","url":"https:\/\/sinergana.hr\/wp-content\/uploads\/2023\/04\/logo-sinergana.svg","contentUrl":"https:\/\/sinergana.hr\/wp-content\/uploads\/2023\/04\/logo-sinergana.svg","width":231,"height":88,"caption":"Sinergana"},"image":{"@id":"https:\/\/sinergana.hr\/#\/schema\/logo\/image\/"}}]}},"_links":{"self":[{"href":"https:\/\/sinergana.hr\/en\/wp-json\/wp\/v2\/pages\/1793","targetHints":{"allow":["GET"]}}],"collection":[{"href":"https:\/\/sinergana.hr\/en\/wp-json\/wp\/v2\/pages"}],"about":[{"href":"https:\/\/sinergana.hr\/en\/wp-json\/wp\/v2\/types\/page"}],"author":[{"embeddable":true,"href":"https:\/\/sinergana.hr\/en\/wp-json\/wp\/v2\/users\/1"}],"replies":[{"embeddable":true,"href":"https:\/\/sinergana.hr\/en\/wp-json\/wp\/v2\/comments?post=1793"}],"version-history":[{"count":112,"href":"https:\/\/sinergana.hr\/en\/wp-json\/wp\/v2\/pages\/1793\/revisions"}],"predecessor-version":[{"id":5812,"href":"https:\/\/sinergana.hr\/en\/wp-json\/wp\/v2\/pages\/1793\/revisions\/5812"}],"wp:attachment":[{"href":"https:\/\/sinergana.hr\/en\/wp-json\/wp\/v2\/media?parent=1793"}],"curies":[{"name":"wp","href":"https:\/\/api.w.org\/{rel}","templated":true}]}}