{"id":24,"date":"2023-04-11T10:08:07","date_gmt":"2023-04-11T10:08:07","guid":{"rendered":"https:\/\/sinergana.hr\/?page_id=24"},"modified":"2023-05-12T15:40:59","modified_gmt":"2023-05-12T13:40:59","slug":"dogadanja","status":"publish","type":"page","link":"https:\/\/sinergana.hr\/en\/dogadanja\/","title":{"rendered":"Events"},"content":{"rendered":"<div data-elementor-type=\"wp-page\" data-elementor-id=\"24\" class=\"elementor elementor-24\" data-elementor-post-type=\"page\">\n\t\t\t\t\t\t<section class=\"has_ae_slider elementor-section elementor-top-section elementor-element elementor-element-7cc8be6 elementor-section-boxed elementor-section-height-default elementor-section-height-default ae-bg-gallery-type-default\" data-id=\"7cc8be6\" data-element_type=\"section\" data-e-type=\"section\" id=\"crna-poz\" data-settings=\"{&quot;background_background&quot;:&quot;classic&quot;}\">\n\t\t\t\t\t\t<div class=\"elementor-container elementor-column-gap-default\">\n\t\t\t\t\t<div class=\"has_ae_slider elementor-column elementor-col-50 elementor-top-column elementor-element elementor-element-0ae8e23 ae-bg-gallery-type-default\" data-id=\"0ae8e23\" data-element_type=\"column\" data-e-type=\"column\">\n\t\t\t<div class=\"elementor-widget-wrap elementor-element-populated\">\n\t\t\t\t\t\t<div class=\"elementor-element elementor-element-42fac63 elementor-widget elementor-widget-heading\" data-id=\"42fac63\" data-element_type=\"widget\" data-e-type=\"widget\" data-widget_type=\"heading.default\">\n\t\t\t\t<div class=\"elementor-widget-container\">\n\t\t\t\t\t<h2 class=\"elementor-heading-title elementor-size-default\">Workshops and events schedule<\/h2>\t\t\t\t<\/div>\n\t\t\t\t<\/div>\n\t\t\t\t<div class=\"elementor-element elementor-element-6811c2f elementor-widget elementor-widget-image\" data-id=\"6811c2f\" data-element_type=\"widget\" data-e-type=\"widget\" data-widget_type=\"image.default\">\n\t\t\t\t<div class=\"elementor-widget-container\">\n\t\t\t\t\t\t\t\t\t\t\t\t\t\t\t<img decoding=\"async\" width=\"311\" height=\"12\" src=\"https:\/\/sinergana.hr\/wp-content\/uploads\/2023\/04\/Frame-31.svg\" class=\"attachment-full size-full wp-image-865\" alt=\"\" \/>\t\t\t\t\t\t\t\t\t\t\t\t\t\t\t<\/div>\n\t\t\t\t<\/div>\n\t\t\t\t\t<\/div>\n\t\t<\/div>\n\t\t\t\t<div class=\"has_ae_slider elementor-column elementor-col-50 elementor-top-column elementor-element elementor-element-403c27a ae-bg-gallery-type-default\" data-id=\"403c27a\" data-element_type=\"column\" data-e-type=\"column\">\n\t\t\t<div class=\"elementor-widget-wrap elementor-element-populated\">\n\t\t\t\t\t\t<div class=\"elementor-element elementor-element-e87530a elementor-widget__width-initial elementor-widget elementor-widget-image\" data-id=\"e87530a\" data-element_type=\"widget\" data-e-type=\"widget\" data-widget_type=\"image.default\">\n\t\t\t\t<div class=\"elementor-widget-container\">\n\t\t\t\t\t\t\t\t\t\t\t\t\t\t\t<img fetchpriority=\"high\" decoding=\"async\" width=\"733\" height=\"604\" src=\"https:\/\/sinergana.hr\/wp-content\/uploads\/2023\/04\/Mask-group-6.png\" class=\"attachment-full size-full wp-image-739\" alt=\"\" \/>\t\t\t\t\t\t\t\t\t\t\t\t\t\t\t<\/div>\n\t\t\t\t<\/div>\n\t\t\t\t<div class=\"elementor-element elementor-element-d03a44f elementor-widget__width-auto elementor-absolute elementor-widget-tablet__width-inherit elementor-widget-laptop__width-initial elementor-widget elementor-widget-image\" data-id=\"d03a44f\" data-element_type=\"widget\" data-e-type=\"widget\" data-settings=\"{&quot;_position&quot;:&quot;absolute&quot;}\" data-widget_type=\"image.default\">\n\t\t\t\t<div class=\"elementor-widget-container\">\n\t\t\t\t\t\t\t\t\t\t\t\t\t\t\t<img decoding=\"async\" width=\"379\" height=\"431\" src=\"https:\/\/sinergana.hr\/wp-content\/uploads\/2023\/04\/Group-260-1.svg\" class=\"attachment-full size-full wp-image-1225\" alt=\"\" \/>\t\t\t\t\t\t\t\t\t\t\t\t\t\t\t<\/div>\n\t\t\t\t<\/div>\n\t\t\t\t<div class=\"elementor-element elementor-element-8dbc3b6 elementor-absolute elementor-widget elementor-widget-image\" data-id=\"8dbc3b6\" data-element_type=\"widget\" data-e-type=\"widget\" data-settings=\"{&quot;_position&quot;:&quot;absolute&quot;}\" data-widget_type=\"image.default\">\n\t\t\t\t<div class=\"elementor-widget-container\">\n\t\t\t\t\t\t\t\t\t\t\t\t\t\t\t<img loading=\"lazy\" decoding=\"async\" width=\"19\" height=\"24\" src=\"https:\/\/sinergana.hr\/wp-content\/uploads\/2023\/04\/Vector-61.svg\" class=\"attachment-full size-full wp-image-866\" alt=\"\" \/>\t\t\t\t\t\t\t\t\t\t\t\t\t\t\t<\/div>\n\t\t\t\t<\/div>\n\t\t\t\t\t<\/div>\n\t\t<\/div>\n\t\t\t\t\t<\/div>\n\t\t<\/section>\n\t\t\t\t<section class=\"has_ae_slider elementor-section elementor-top-section elementor-element elementor-element-4fcaa25 elementor-section-boxed elementor-section-height-default elementor-section-height-default ae-bg-gallery-type-default\" data-id=\"4fcaa25\" data-element_type=\"section\" data-e-type=\"section\" data-settings=\"{&quot;background_background&quot;:&quot;classic&quot;}\">\n\t\t\t\t\t\t<div class=\"elementor-container elementor-column-gap-default\">\n\t\t\t\t\t<div class=\"has_ae_slider elementor-column elementor-col-100 elementor-top-column elementor-element elementor-element-a5d0d23 ae-bg-gallery-type-default\" data-id=\"a5d0d23\" data-element_type=\"column\" data-e-type=\"column\">\n\t\t\t<div class=\"elementor-widget-wrap elementor-element-populated\">\n\t\t\t\t\t\t<div class=\"elementor-element elementor-element-eac5f00 elementor-widget elementor-widget-heading\" data-id=\"eac5f00\" data-element_type=\"widget\" data-e-type=\"widget\" data-widget_type=\"heading.default\">\n\t\t\t\t<div class=\"elementor-widget-container\">\n\t\t\t\t\t<h2 class=\"elementor-heading-title elementor-size-default\">Workshop and event schedule<\/h2>\t\t\t\t<\/div>\n\t\t\t\t<\/div>\n\t\t\t\t<div class=\"elementor-element elementor-element-87c6dda elementor-widget elementor-widget-shortcode\" data-id=\"87c6dda\" data-element_type=\"widget\" data-e-type=\"widget\" data-widget_type=\"shortcode.default\">\n\t\t\t\t<div class=\"elementor-widget-container\">\n\t\t\t\t\t\t\t<div class=\"elementor-shortcode\"><div class=\"calendar list black\">\n    <input type=\"hidden\" name=\"category\" value=\"\" >\n    <input type=\"hidden\" name=\"tag\" value=\"\" >\n    <input type=\"hidden\" name=\"post_type\" value=\"eventi\" >\n    <input type=\"hidden\" name=\"template\" value=\"list\" >\n\n    <div class=\"container\">\n        <div class=\"col-date\">\n            <div id=\"calendar\" class=\"calendar\">\n                <div class=\"calendar-title\">\n                    <div class=\"calendar-button-group\">\n                        <button id=\"prevMonth\"><\/button>\n                        <div class=\"calendar-title-text\"><\/div>\n                        <button id=\"nextMonth\"><\/button>\n                    <\/div>\n                <\/div>\n                <div class=\"calendar-day-name\"><\/div>\n                <div class=\"calendar-dates\"><\/div>\n            <\/div>\n        <\/div>\n    <\/div>\n\n    <div class=\"list-filter\">\n        <div class=\"filter\">\n            <img decoding=\"async\" src=\"https:\/\/sinergana.hr\/wp-content\/plugins\/prospekt-calendar\/resources\/shortcodes\/templates\/image\/filter.svg\" alt=\"filter\">\n            <span>FILTER<\/span>\n            <span class=\"countfilter\"><\/class=>\n        <\/div>\n        <div class=\"options\">\n            <ul>\n                <li>\n                    <input type=\"checkbox\" class=\"first-check\" name=\"HubIT\" value=\"HubIT\">\n                    <label for=\"HubIT\">HubIT<\/label>\n                    <ul>\n                        <li>\n                            <input type=\"checkbox\" name=\"IT\" value=\"IT\">\n                            <label for=\"IT\">IT<\/label>\n                        <\/li>\n                        <li>\n                            <input type=\"checkbox\" name=\"AI\" value=\"AI\">\n                            <label for=\"AI\">AI<\/label>\n                        <\/li>\n                        <li>\n                            <input type=\"checkbox\" name=\"IoT\" value=\"IoT\">\n                            <label for=\"IoT\">IoT<\/label>\n                        <\/li>\n                    <\/ul>\n                <\/li>\n                <li>\n                    <input type=\"checkbox\" class=\"first-check\" name=\"HubBOT\" value=\"HubBOT\">\n                    <label for=\"HubBOT\">HubBOT<\/label>\n                    <ul>\n                        <li>\n                            <input type=\"checkbox\" name=\"GameDev\" value=\"GameDev\">\n                            <label for=\"GameDev\">GameDev<\/label>\n                        <\/li>\n                    <\/ul>\n                <\/li>\n                <li>\n                    <input type=\"checkbox\" class=\"first-check\" name=\"HubART\" value=\"HubART\">\n                    <label for=\"HubART\">HubART<\/label>\n                    <ul>\n                        <li>\n                            <input type=\"checkbox\" name=\"Fotografija\" value=\"Fotografija\">\n                            <label for=\"Fotografija\">Photography<\/label>\n                        <\/li>\n                        <li>\n                            <input type=\"checkbox\" name=\"Video produkcija\" value=\"Video produkcija\">\n                            <label for=\"Video produkcija\">Video production<\/label>\n                        <\/li>\n                    <\/ul>\n                <\/li>\n                <li>\n                    <input type=\"checkbox\" name=\"Poduzetni\u010dke vje\u0161tine\" value=\"Poduzetni\u010dke vje\u0161tine\">\n                    <label for=\"Poduzetni\u010dke vje\u0161tine\">Entrepreneurial skills<\/label>\n                <\/li>\n                <li>\n                    <input type=\"checkbox\" name=\"Internacionalizacija\" value=\"Internacionalizacija\">\n                    <label for=\"Internacionalizacija\">Internationalization<\/label>\n                <\/li>\n                <li>\n                    <input type=\"checkbox\" name=\"Ostalo\" value=\"Ostalo\">\n                    <label for=\"Ostalo\">Other<\/label>\n                <\/li>\n            <\/ul>\n        <\/div>\n        <div id=\"list-posts\" class=\"posts\">\n            <div class='event'>\n                    <div class='image'>\n                        <img loading=\"lazy\" decoding=\"async\" width=\"150\" height=\"83\" src=\"https:\/\/sinergana.hr\/wp-content\/uploads\/2023\/05\/unsplash_jCIMcOpFHig.jpg\" class=\"attachment-thumbnail size-thumbnail wp-post-image\" alt=\"\" \/>\n                        <span class='tag'><img src='https:\/\/sinergana.hr\/wp-content\/plugins\/prospekt-calendar\/resources\/helpers\/image\/dogadanje_icon.svg' \/>EVENT<\/span>\n                        <div class='datetime'>\n                    <span><img src='https:\/\/sinergana.hr\/wp-content\/plugins\/prospekt-calendar\/resources\/helpers\/image\/icon_datetime.svg'\/>18. May, 2023<\/span>\n                    <span>\n                        <img src='https:\/\/sinergana.hr\/wp-content\/plugins\/prospekt-calendar\/resources\/helpers\/image\/icon_clock.svg'\/>\n                        16:00\n                        - 18:00 \n                    <\/span>\n                <\/div>\n                    <\/div>\n                    <div class='content'>\n                        <p class='title'>Sagittis eu nibh porttitor condimentum ut cursus<\/p>\n                        <p class='subtitle'>Podnaslov doga\u0111aja<\/p>\n                        \n                        <ul>\n                            <li>Event type: <strong>Meetup<\/strong><\/li><li>Thematic module: <strong>Entrepreneurial skills<\/strong><\/li><li>Time: <strong>16:00:00<\/strong><\/li><li>Venue: <strong>Classroom 1<\/strong><\/li>\n                        <\/ul>\n                        <a href='https:\/\/sinergana.hr\/en\/eventi\/sagittis-eu-nibh-porttitor-condimentum-ut-cursus-2-3\/' class='more-info'>See more<\/a>\n                    <\/div>\n                <\/div><div class='event'>\n                    <div class='image'>\n                        <img loading=\"lazy\" decoding=\"async\" width=\"150\" height=\"106\" src=\"https:\/\/sinergana.hr\/wp-content\/uploads\/2023\/04\/unsplash_jCIMcOpFHig-3.png\" class=\"attachment-thumbnail size-thumbnail wp-post-image\" alt=\"\" \/>\n                        <span class='tag'><img src='https:\/\/sinergana.hr\/wp-content\/plugins\/prospekt-calendar\/resources\/helpers\/image\/radionica_icon.svg' \/>WORKSHOP<\/span>\n                        \n                    <\/div>\n                    <div class='content'>\n                        <p class='title'>NAZIV RADIONICE<\/p>\n                        \n                        <div class='event-date'>\n                    <img class='icon-date' src='https:\/\/sinergana.hr\/wp-content\/plugins\/prospekt-calendar\/resources\/helpers\/image\/icon_date.svg' \/>\n                    <span>18. May, 2023<\/span>\n                <\/div>\n                        <ul>\n                            <li>Thematic module: <strong>poduzetni\u010dke vje\u0161tine<\/strong><\/li><li>Thematic area: <strong>Fran\u0161izno poslovanje<\/strong><\/li><li>Time: <strong>19:00:00<\/strong><\/li><li>Venue: <strong>Classroom 1<\/strong><\/li>\n                        <\/ul>\n                        <a href='https:\/\/sinergana.hr\/en\/eventi\/test-1-3-4\/' class='more-info'>See more<\/a>\n                    <\/div>\n                <\/div>        <\/div>\n    <\/div>\n\n<\/div>\n\n\n\n<\/div>\n\t\t\t\t\t\t<\/div>\n\t\t\t\t<\/div>\n\t\t\t\t\t<\/div>\n\t\t<\/div>\n\t\t\t\t\t<\/div>\n\t\t<\/section>\n\t\t\t\t<\/div>","protected":false},"excerpt":{"rendered":"<p>Raspored doga\u0111anja u inkubatoru Raspored radionica i doga\u0111anja<\/p>","protected":false},"author":1,"featured_media":0,"parent":0,"menu_order":0,"comment_status":"closed","ping_status":"closed","template":"","meta":{"_acf_changed":false,"inline_featured_image":false,"footnotes":""},"class_list":["post-24","page","type-page","status-publish","hentry"],"acf":[],"yoast_head":"<!-- This site is optimized with the Yoast SEO plugin v26.9 - https:\/\/yoast.com\/product\/yoast-seo-wordpress\/ -->\n<title>Doga\u0111anja - Sinergana<\/title>\n<meta name=\"robots\" content=\"index, follow, max-snippet:-1, max-image-preview:large, max-video-preview:-1\" \/>\n<link rel=\"canonical\" href=\"https:\/\/sinergana.hr\/en\/dogadanja\/\" \/>\n<meta property=\"og:locale\" content=\"en_GB\" \/>\n<meta property=\"og:type\" content=\"article\" \/>\n<meta property=\"og:title\" content=\"Doga\u0111anja - Sinergana\" \/>\n<meta property=\"og:description\" content=\"Raspored doga\u0111anja u inkubatoru Raspored radionica i doga\u0111anja\" \/>\n<meta property=\"og:url\" content=\"https:\/\/sinergana.hr\/en\/dogadanja\/\" \/>\n<meta property=\"og:site_name\" content=\"Sinergana\" \/>\n<meta property=\"article:modified_time\" content=\"2023-05-12T13:40:59+00:00\" \/>\n<meta property=\"og:image\" content=\"https:\/\/sinergana.hr\/wp-content\/uploads\/2023\/04\/Frame-31.svg\" \/>\n<meta name=\"twitter:card\" content=\"summary_large_image\" \/>\n<script type=\"application\/ld+json\" class=\"yoast-schema-graph\">{\"@context\":\"https:\/\/schema.org\",\"@graph\":[{\"@type\":\"WebPage\",\"@id\":\"https:\/\/sinergana.hr\/dogadanja\/\",\"url\":\"https:\/\/sinergana.hr\/dogadanja\/\",\"name\":\"Doga\u0111anja - Sinergana\",\"isPartOf\":{\"@id\":\"https:\/\/sinergana.hr\/#website\"},\"primaryImageOfPage\":{\"@id\":\"https:\/\/sinergana.hr\/dogadanja\/#primaryimage\"},\"image\":{\"@id\":\"https:\/\/sinergana.hr\/dogadanja\/#primaryimage\"},\"thumbnailUrl\":\"https:\/\/sinergana.hr\/wp-content\/uploads\/2023\/04\/Frame-31.svg\",\"datePublished\":\"2023-04-11T10:08:07+00:00\",\"dateModified\":\"2023-05-12T13:40:59+00:00\",\"breadcrumb\":{\"@id\":\"https:\/\/sinergana.hr\/dogadanja\/#breadcrumb\"},\"inLanguage\":\"en-GB\",\"potentialAction\":[{\"@type\":\"ReadAction\",\"target\":[\"https:\/\/sinergana.hr\/dogadanja\/\"]}]},{\"@type\":\"ImageObject\",\"inLanguage\":\"en-GB\",\"@id\":\"https:\/\/sinergana.hr\/dogadanja\/#primaryimage\",\"url\":\"https:\/\/sinergana.hr\/wp-content\/uploads\/2023\/04\/Frame-31.svg\",\"contentUrl\":\"https:\/\/sinergana.hr\/wp-content\/uploads\/2023\/04\/Frame-31.svg\"},{\"@type\":\"BreadcrumbList\",\"@id\":\"https:\/\/sinergana.hr\/dogadanja\/#breadcrumb\",\"itemListElement\":[{\"@type\":\"ListItem\",\"position\":1,\"name\":\"Po\u010detna stranica\",\"item\":\"https:\/\/sinergana.hr\/\"},{\"@type\":\"ListItem\",\"position\":2,\"name\":\"Doga\u0111anja\"}]},{\"@type\":\"WebSite\",\"@id\":\"https:\/\/sinergana.hr\/#website\",\"url\":\"https:\/\/sinergana.hr\/\",\"name\":\"Sinergana\",\"description\":\"Inkubator za kreativne tehnologije i IT industriju\",\"publisher\":{\"@id\":\"https:\/\/sinergana.hr\/#organization\"},\"potentialAction\":[{\"@type\":\"SearchAction\",\"target\":{\"@type\":\"EntryPoint\",\"urlTemplate\":\"https:\/\/sinergana.hr\/?s={search_term_string}\"},\"query-input\":{\"@type\":\"PropertyValueSpecification\",\"valueRequired\":true,\"valueName\":\"search_term_string\"}}],\"inLanguage\":\"en-GB\"},{\"@type\":\"Organization\",\"@id\":\"https:\/\/sinergana.hr\/#organization\",\"name\":\"Sinergana\",\"url\":\"https:\/\/sinergana.hr\/\",\"logo\":{\"@type\":\"ImageObject\",\"inLanguage\":\"en-GB\",\"@id\":\"https:\/\/sinergana.hr\/#\/schema\/logo\/image\/\",\"url\":\"https:\/\/sinergana.hr\/wp-content\/uploads\/2023\/04\/logo-sinergana.svg\",\"contentUrl\":\"https:\/\/sinergana.hr\/wp-content\/uploads\/2023\/04\/logo-sinergana.svg\",\"width\":231,\"height\":88,\"caption\":\"Sinergana\"},\"image\":{\"@id\":\"https:\/\/sinergana.hr\/#\/schema\/logo\/image\/\"}}]}<\/script>\n<!-- \/ Yoast SEO plugin. -->","yoast_head_json":{"title":"Doga\u0111anja - Sinergana","robots":{"index":"index","follow":"follow","max-snippet":"max-snippet:-1","max-image-preview":"max-image-preview:large","max-video-preview":"max-video-preview:-1"},"canonical":"https:\/\/sinergana.hr\/en\/dogadanja\/","og_locale":"en_GB","og_type":"article","og_title":"Doga\u0111anja - Sinergana","og_description":"Raspored doga\u0111anja u inkubatoru Raspored radionica i doga\u0111anja","og_url":"https:\/\/sinergana.hr\/en\/dogadanja\/","og_site_name":"Sinergana","article_modified_time":"2023-05-12T13:40:59+00:00","og_image":[{"url":"https:\/\/sinergana.hr\/wp-content\/uploads\/2023\/04\/Frame-31.svg","type":"","width":"","height":""}],"twitter_card":"summary_large_image","schema":{"@context":"https:\/\/schema.org","@graph":[{"@type":"WebPage","@id":"https:\/\/sinergana.hr\/dogadanja\/","url":"https:\/\/sinergana.hr\/dogadanja\/","name":"Doga\u0111anja - Sinergana","isPartOf":{"@id":"https:\/\/sinergana.hr\/#website"},"primaryImageOfPage":{"@id":"https:\/\/sinergana.hr\/dogadanja\/#primaryimage"},"image":{"@id":"https:\/\/sinergana.hr\/dogadanja\/#primaryimage"},"thumbnailUrl":"https:\/\/sinergana.hr\/wp-content\/uploads\/2023\/04\/Frame-31.svg","datePublished":"2023-04-11T10:08:07+00:00","dateModified":"2023-05-12T13:40:59+00:00","breadcrumb":{"@id":"https:\/\/sinergana.hr\/dogadanja\/#breadcrumb"},"inLanguage":"en-GB","potentialAction":[{"@type":"ReadAction","target":["https:\/\/sinergana.hr\/dogadanja\/"]}]},{"@type":"ImageObject","inLanguage":"en-GB","@id":"https:\/\/sinergana.hr\/dogadanja\/#primaryimage","url":"https:\/\/sinergana.hr\/wp-content\/uploads\/2023\/04\/Frame-31.svg","contentUrl":"https:\/\/sinergana.hr\/wp-content\/uploads\/2023\/04\/Frame-31.svg"},{"@type":"BreadcrumbList","@id":"https:\/\/sinergana.hr\/dogadanja\/#breadcrumb","itemListElement":[{"@type":"ListItem","position":1,"name":"Po\u010detna stranica","item":"https:\/\/sinergana.hr\/"},{"@type":"ListItem","position":2,"name":"Doga\u0111anja"}]},{"@type":"WebSite","@id":"https:\/\/sinergana.hr\/#website","url":"https:\/\/sinergana.hr\/","name":"Sinergana","description":"Creative Technologies and IT Industry Incubator","publisher":{"@id":"https:\/\/sinergana.hr\/#organization"},"potentialAction":[{"@type":"SearchAction","target":{"@type":"EntryPoint","urlTemplate":"https:\/\/sinergana.hr\/?s={search_term_string}"},"query-input":{"@type":"PropertyValueSpecification","valueRequired":true,"valueName":"search_term_string"}}],"inLanguage":"en-GB"},{"@type":"Organization","@id":"https:\/\/sinergana.hr\/#organization","name":"Sinergana","url":"https:\/\/sinergana.hr\/","logo":{"@type":"ImageObject","inLanguage":"en-GB","@id":"https:\/\/sinergana.hr\/#\/schema\/logo\/image\/","url":"https:\/\/sinergana.hr\/wp-content\/uploads\/2023\/04\/logo-sinergana.svg","contentUrl":"https:\/\/sinergana.hr\/wp-content\/uploads\/2023\/04\/logo-sinergana.svg","width":231,"height":88,"caption":"Sinergana"},"image":{"@id":"https:\/\/sinergana.hr\/#\/schema\/logo\/image\/"}}]}},"_links":{"self":[{"href":"https:\/\/sinergana.hr\/en\/wp-json\/wp\/v2\/pages\/24","targetHints":{"allow":["GET"]}}],"collection":[{"href":"https:\/\/sinergana.hr\/en\/wp-json\/wp\/v2\/pages"}],"about":[{"href":"https:\/\/sinergana.hr\/en\/wp-json\/wp\/v2\/types\/page"}],"author":[{"embeddable":true,"href":"https:\/\/sinergana.hr\/en\/wp-json\/wp\/v2\/users\/1"}],"replies":[{"embeddable":true,"href":"https:\/\/sinergana.hr\/en\/wp-json\/wp\/v2\/comments?post=24"}],"version-history":[{"count":106,"href":"https:\/\/sinergana.hr\/en\/wp-json\/wp\/v2\/pages\/24\/revisions"}],"predecessor-version":[{"id":5205,"href":"https:\/\/sinergana.hr\/en\/wp-json\/wp\/v2\/pages\/24\/revisions\/5205"}],"wp:attachment":[{"href":"https:\/\/sinergana.hr\/en\/wp-json\/wp\/v2\/media?parent=24"}],"curies":[{"name":"wp","href":"https:\/\/api.w.org\/{rel}","templated":true}]}}