{"id":5822,"date":"2023-06-26T09:29:28","date_gmt":"2023-06-26T07:29:28","guid":{"rendered":"https:\/\/sinergana.hr\/?page_id=5822"},"modified":"2023-06-26T09:33:21","modified_gmt":"2023-06-26T07:33:21","slug":"pristupacnost-mreznih-stranica","status":"publish","type":"page","link":"https:\/\/sinergana.hr\/en\/pristupacnost-mreznih-stranica\/","title":{"rendered":"Pristupa\u010dnost mre\u017enih stranica"},"content":{"rendered":"<div data-elementor-type=\"wp-page\" data-elementor-id=\"5822\" class=\"elementor elementor-5822\" data-elementor-post-type=\"page\">\n\t\t\t\t\t\t<section class=\"has_ae_slider elementor-section elementor-top-section elementor-element elementor-element-8a2ee06 elementor-section-boxed elementor-section-height-default elementor-section-height-default ae-bg-gallery-type-default\" data-id=\"8a2ee06\" data-element_type=\"section\" data-e-type=\"section\" data-settings=\"{&quot;background_background&quot;:&quot;classic&quot;}\">\n\t\t\t\t\t\t<div class=\"elementor-container elementor-column-gap-default\">\n\t\t\t\t\t<div class=\"has_ae_slider elementor-column elementor-col-100 elementor-top-column elementor-element elementor-element-2ef2a93 ae-bg-gallery-type-default\" data-id=\"2ef2a93\" data-element_type=\"column\" data-e-type=\"column\">\n\t\t\t<div class=\"elementor-widget-wrap elementor-element-populated\">\n\t\t\t\t\t\t<div class=\"elementor-element elementor-element-65608b8 elementor-widget elementor-widget-heading\" data-id=\"65608b8\" data-element_type=\"widget\" data-e-type=\"widget\" data-widget_type=\"heading.default\">\n\t\t\t\t<div class=\"elementor-widget-container\">\n\t\t\t\t\t<h2 class=\"elementor-heading-title elementor-size-default\">Pristupa\u010dnost mre\u017enih<br> stranica<\/h2>\t\t\t\t<\/div>\n\t\t\t\t<\/div>\n\t\t\t\t<div class=\"elementor-element elementor-element-fb2d896 elementor-widget elementor-widget-image\" data-id=\"fb2d896\" data-element_type=\"widget\" data-e-type=\"widget\" data-widget_type=\"image.default\">\n\t\t\t\t<div class=\"elementor-widget-container\">\n\t\t\t\t\t\t\t\t\t\t\t\t\t\t\t<img decoding=\"async\" width=\"311\" height=\"12\" src=\"https:\/\/sinergana.hr\/wp-content\/uploads\/2023\/04\/Frame-31.svg\" class=\"attachment-full size-full wp-image-865\" alt=\"\" \/>\t\t\t\t\t\t\t\t\t\t\t\t\t\t\t<\/div>\n\t\t\t\t<\/div>\n\t\t\t\t<section class=\"has_ae_slider elementor-section elementor-inner-section elementor-element elementor-element-e2691cf elementor-section-boxed elementor-section-height-default elementor-section-height-default ae-bg-gallery-type-default\" data-id=\"e2691cf\" data-element_type=\"section\" data-e-type=\"section\">\n\t\t\t\t\t\t<div class=\"elementor-container elementor-column-gap-default\">\n\t\t\t\t\t<div class=\"has_ae_slider elementor-column elementor-col-100 elementor-inner-column elementor-element elementor-element-abdd256 ae-bg-gallery-type-default\" data-id=\"abdd256\" data-element_type=\"column\" data-e-type=\"column\" data-settings=\"{&quot;background_background&quot;:&quot;classic&quot;}\">\n\t\t\t<div class=\"elementor-widget-wrap elementor-element-populated\">\n\t\t\t\t\t\t<div class=\"elementor-element elementor-element-ab1a0fc elementor-widget__width-initial elementor-widget elementor-widget-text-editor\" data-id=\"ab1a0fc\" data-element_type=\"widget\" data-e-type=\"widget\" data-widget_type=\"text-editor.default\">\n\t\t\t\t<div class=\"elementor-widget-container\">\n\t\t\t\t\t\t\t\t\t<p>Stupanjem na snagu <span style=\"text-decoration: underline;\"><span style=\"color: #000000; text-decoration: underline;\"><a style=\"color: #000000; text-decoration: underline;\" href=\"https:\/\/narodne-novine.nn.hr\/clanci\/sluzbeni\/2019_02_17_358.html\" target=\"_blank\" rel=\"noopener\"><em>Zakona o pristupa\u010dnosti mre\u017enih stranica i programskih rje\u0161enja za pokretne ure\u0111aje tijela javnog sektora Republike Hrvatske<\/em><\/a><\/span><\/span>, Grad Rijeka \u0107e nakon provedbe testiranja pristupa\u010dnosti, na ovim stranicama objaviti Izjavu o pristupa\u010dnosti svog mre\u017enog sjedi\u0161ta i aplikacija vezanih uz usluge i projekte, njihovoj uskla\u0111enosti s Direktivom (EU) 2016\/2102, te omogu\u0107iti pru\u017eanje povratnih informacija korisnika radi daljnjeg unaprje\u0111enja mre\u017ene pristupa\u010dnosti.<\/p><p><strong>Op\u0107enito<\/strong><\/p><p>Internet stranica sinergana.hr nastoji osigurati pristupa\u010dnost svojih usluga za osobe s invaliditetom i pojednostaviti kori\u0161tenje stranice u cilju da postane pristupa\u010dnija za osobe s invaliditetom. Grad Rijeka prepoznaje va\u017enost osiguravanja digitalne pristupa\u010dnosti za sve korisnike, s posebnim naglaskom na lak\u0161em pristupu javnim uslugama i informacijama osobama s invaliditetom, primjenjuju\u0107i, u najve\u0107oj mogu\u0107oj mjeri, Direktivu (EU) 2016\/2102 Europskog parlamenta i Vije\u0107a od 26. listopada 2016. o pristupa\u010dnosti internetskih stranica i mobilnih aplikacija tijela javnog sektora.<\/p><p>Grad Rijeka kontinuirano pobolj\u0161ava korisni\u010dko iskustvo primjenjuju\u0107i relevantne standarde pristupa\u010dnosti prema smjernicama i standardizaciji mre\u017enog sadr\u017eaja (WCAG 2.1) inicijative za mre\u017enu pristupa\u010dnost (WAI) World Wide Web konzorcija (W3C), organizacije koja se bavi standardizacijom mre\u017enih tehnologija.<\/p><p><strong>Pristupa\u010dnost na internet stranici sinergana.hr<\/strong><\/p><p>Na portalu sinergana.hr dostupan je <em>plugin<\/em> koji omogu\u0107uje stranici sinergana.hr da pobolj\u0161a uskla\u0111enost sa Smjernicama za osiguravanje pristupa\u010dnosti mre\u017enih sadr\u017eaja (WCAG 2.1).<\/p><p><strong>Omogu\u0107avanje izbornika pristupa\u010dnosti<\/strong><\/p><p>Izbornik pristupa\u010dnosti stranice sinergana.hr aktivira se odabirom ikone izbornika pristupa\u010dnosti koja se pojavljuje u desnom donjem kutu stranice. Nakon pokretanja izbornika pristupa\u010dnosti, pri\u010dekajte trenutak dok se izbornik pristupa\u010dnosti ne u\u010dita u cijelosti, a zatim odaberite opciju koja vam najvi\u0161e odgovara.<\/p><p><strong>Izjava o pristupa\u010dnosti<\/strong><\/p><p>Kao tijelo javnog sektora, Grad Rijeka nastoji svoje mre\u017ene stranice u\u010diniti pristupa\u010dnima u skladu sa Zakonom o pristupa\u010dnosti mre\u017enih stranica i programskih rje\u0161enja za pokretne ure\u0111aje tijela javnog sektora Republike Hrvatske (NN 17\/19), od 23. rujna 2019., kojim se u nacionalno zakonodavstvo preuzima Direktiva (EU) 2016\/2102 Europskog parlamenta i Vije\u0107a o pristupa\u010dnosti internetskih stranica i mobilnih aplikacija tijela javnog sektora.<\/p><p><strong>Priprema ove Izjave o pristupa\u010dnosti<\/strong><\/p><p>Ova Izjava pripremljena je dana 1. prosinca 2022., sukladno Predlo\u0161ku izjave o pristupa\u010dnosti koji je u skladu s Direktivom (EU) 2016\/2102 Europskog parlamenta i Vije\u0107a o pristupa\u010dnosti internetskih stranica i mobilnih aplikacija tijela javnog sektora, a utvr\u0111en je Provedbenom odlukom komisije EU 2018\/1523 11. listopada 2018.<\/p><p><strong>Povratne informacije i podaci za kontakt<\/strong><\/p><p>Sve upite vezane za pristupa\u010dnost mre\u017ene stranice sinergana.hr korisnici mogu uputiti na sljede\u0107e na\u010dine:<\/p><p>E-po\u0161tom: <span style=\"text-decoration: underline;\"><span style=\"color: #000000; text-decoration: underline;\"><a style=\"color: #000000; text-decoration: underline;\" href=\"mailto:sinergana@rijeka.hr\">sinergana@rijeka.hr<\/a> i <a style=\"color: #000000; text-decoration: underline;\" href=\"mailto:poduzetnistvo@rijeka.hr\">poduzetnistvo@rijeka.hr<\/a><\/span><\/span><\/p><p>Telefonom: +385 51 209 943<\/p><p>Po\u0161tom: Grad Rijeka, UO za gospodarstvo, razvoj, ekologiju i europske projekte, Trg Sv. Barbare 2, 51000 Rijeka.<\/p><p><strong>Inspekcijski nadzor<\/strong><\/p><p>Tijelo nadle\u017eno za pra\u0107enje uskla\u0111enosti mre\u017enih stranica i programskih rje\u0161enja za pokretne ure\u0111aje tijela javnog sektora sa zahtjevima pristupa\u010dnosti i nadzor nad provedbom Zakona o pristupa\u010dnosti je Povjerenik za informiranje Republike Hrvatske. U slu\u010daju nezadovoljavaju\u0107ih odgovora na obavijest ili zahtjev za povratne informacije o pristupa\u010dnosti ovih mre\u017enih stranica, korisnici se mogu obratiti Povjereniku za informiranje putem telefona broj +385 1 4609041 ili putem elektroni\u010dke po\u0161te: <span style=\"text-decoration: underline; color: #000000;\"><a style=\"color: #000000;\" href=\"mailto:pristupacnost@pristupinfo.hr\" target=\"_blank\" rel=\"noopener\">pristupacnost@pristupinfo.hr<\/a>.<\/span><\/p>\t\t\t\t\t\t\t\t<\/div>\n\t\t\t\t<\/div>\n\t\t\t\t\t<\/div>\n\t\t<\/div>\n\t\t\t\t\t<\/div>\n\t\t<\/section>\n\t\t\t\t\t<\/div>\n\t\t<\/div>\n\t\t\t\t\t<\/div>\n\t\t<\/section>\n\t\t\t\t<\/div>","protected":false},"excerpt":{"rendered":"<p>Pristupa\u010dnost mre\u017enih stranica Stupanjem na snagu Zakona o pristupa\u010dnosti mre\u017enih stranica i programskih rje\u0161enja za pokretne ure\u0111aje tijela javnog sektora Republike Hrvatske, Grad Rijeka \u0107e nakon provedbe testiranja pristupa\u010dnosti, na ovim stranicama objaviti Izjavu o pristupa\u010dnosti svog mre\u017enog sjedi\u0161ta i aplikacija vezanih uz usluge i projekte, njihovoj uskla\u0111enosti s Direktivom (EU) 2016\/2102, te omogu\u0107iti pru\u017eanje [&hellip;]<\/p>","protected":false},"author":1,"featured_media":0,"parent":0,"menu_order":0,"comment_status":"closed","ping_status":"closed","template":"","meta":{"_acf_changed":false,"inline_featured_image":false,"footnotes":""},"class_list":["post-5822","page","type-page","status-publish","hentry"],"acf":[],"yoast_head":"<!-- This site is optimized with the Yoast SEO plugin v26.9 - https:\/\/yoast.com\/product\/yoast-seo-wordpress\/ -->\n<title>Pristupa\u010dnost mre\u017enih stranica - Sinergana<\/title>\n<meta name=\"robots\" content=\"index, follow, max-snippet:-1, max-image-preview:large, max-video-preview:-1\" \/>\n<link rel=\"canonical\" href=\"https:\/\/sinergana.hr\/en\/pristupacnost-mreznih-stranica\/\" \/>\n<meta property=\"og:locale\" content=\"en_GB\" \/>\n<meta property=\"og:type\" content=\"article\" \/>\n<meta property=\"og:title\" content=\"Pristupa\u010dnost mre\u017enih stranica - Sinergana\" \/>\n<meta property=\"og:description\" content=\"Pristupa\u010dnost mre\u017enih stranica Stupanjem na snagu Zakona o pristupa\u010dnosti mre\u017enih stranica i programskih rje\u0161enja za pokretne ure\u0111aje tijela javnog sektora Republike Hrvatske, Grad Rijeka \u0107e nakon provedbe testiranja pristupa\u010dnosti, na ovim stranicama objaviti Izjavu o pristupa\u010dnosti svog mre\u017enog sjedi\u0161ta i aplikacija vezanih uz usluge i projekte, njihovoj uskla\u0111enosti s Direktivom (EU) 2016\/2102, te omogu\u0107iti pru\u017eanje [&hellip;]\" \/>\n<meta property=\"og:url\" content=\"https:\/\/sinergana.hr\/en\/pristupacnost-mreznih-stranica\/\" \/>\n<meta property=\"og:site_name\" content=\"Sinergana\" \/>\n<meta property=\"article:modified_time\" content=\"2023-06-26T07:33:21+00:00\" \/>\n<meta property=\"og:image\" content=\"https:\/\/sinergana.hr\/wp-content\/uploads\/2023\/04\/Frame-31.svg\" \/>\n<meta name=\"twitter:card\" content=\"summary_large_image\" \/>\n<meta name=\"twitter:label1\" content=\"Estimated reading time\" \/>\n\t<meta name=\"twitter:data1\" content=\"3 minutes\" \/>\n<script type=\"application\/ld+json\" class=\"yoast-schema-graph\">{\"@context\":\"https:\/\/schema.org\",\"@graph\":[{\"@type\":\"WebPage\",\"@id\":\"https:\/\/sinergana.hr\/pristupacnost-mreznih-stranica\/\",\"url\":\"https:\/\/sinergana.hr\/pristupacnost-mreznih-stranica\/\",\"name\":\"Pristupa\u010dnost mre\u017enih stranica - Sinergana\",\"isPartOf\":{\"@id\":\"https:\/\/sinergana.hr\/#website\"},\"primaryImageOfPage\":{\"@id\":\"https:\/\/sinergana.hr\/pristupacnost-mreznih-stranica\/#primaryimage\"},\"image\":{\"@id\":\"https:\/\/sinergana.hr\/pristupacnost-mreznih-stranica\/#primaryimage\"},\"thumbnailUrl\":\"https:\/\/sinergana.hr\/wp-content\/uploads\/2023\/04\/Frame-31.svg\",\"datePublished\":\"2023-06-26T07:29:28+00:00\",\"dateModified\":\"2023-06-26T07:33:21+00:00\",\"breadcrumb\":{\"@id\":\"https:\/\/sinergana.hr\/pristupacnost-mreznih-stranica\/#breadcrumb\"},\"inLanguage\":\"en-GB\",\"potentialAction\":[{\"@type\":\"ReadAction\",\"target\":[\"https:\/\/sinergana.hr\/pristupacnost-mreznih-stranica\/\"]}]},{\"@type\":\"ImageObject\",\"inLanguage\":\"en-GB\",\"@id\":\"https:\/\/sinergana.hr\/pristupacnost-mreznih-stranica\/#primaryimage\",\"url\":\"https:\/\/sinergana.hr\/wp-content\/uploads\/2023\/04\/Frame-31.svg\",\"contentUrl\":\"https:\/\/sinergana.hr\/wp-content\/uploads\/2023\/04\/Frame-31.svg\"},{\"@type\":\"BreadcrumbList\",\"@id\":\"https:\/\/sinergana.hr\/pristupacnost-mreznih-stranica\/#breadcrumb\",\"itemListElement\":[{\"@type\":\"ListItem\",\"position\":1,\"name\":\"Po\u010detna stranica\",\"item\":\"https:\/\/sinergana.hr\/\"},{\"@type\":\"ListItem\",\"position\":2,\"name\":\"Pristupa\u010dnost mre\u017enih stranica\"}]},{\"@type\":\"WebSite\",\"@id\":\"https:\/\/sinergana.hr\/#website\",\"url\":\"https:\/\/sinergana.hr\/\",\"name\":\"Sinergana\",\"description\":\"Inkubator za kreativne tehnologije i IT industriju\",\"publisher\":{\"@id\":\"https:\/\/sinergana.hr\/#organization\"},\"potentialAction\":[{\"@type\":\"SearchAction\",\"target\":{\"@type\":\"EntryPoint\",\"urlTemplate\":\"https:\/\/sinergana.hr\/?s={search_term_string}\"},\"query-input\":{\"@type\":\"PropertyValueSpecification\",\"valueRequired\":true,\"valueName\":\"search_term_string\"}}],\"inLanguage\":\"en-GB\"},{\"@type\":\"Organization\",\"@id\":\"https:\/\/sinergana.hr\/#organization\",\"name\":\"Sinergana\",\"url\":\"https:\/\/sinergana.hr\/\",\"logo\":{\"@type\":\"ImageObject\",\"inLanguage\":\"en-GB\",\"@id\":\"https:\/\/sinergana.hr\/#\/schema\/logo\/image\/\",\"url\":\"https:\/\/sinergana.hr\/wp-content\/uploads\/2023\/04\/logo-sinergana.svg\",\"contentUrl\":\"https:\/\/sinergana.hr\/wp-content\/uploads\/2023\/04\/logo-sinergana.svg\",\"width\":231,\"height\":88,\"caption\":\"Sinergana\"},\"image\":{\"@id\":\"https:\/\/sinergana.hr\/#\/schema\/logo\/image\/\"}}]}<\/script>\n<!-- \/ Yoast SEO plugin. -->","yoast_head_json":{"title":"Pristupa\u010dnost mre\u017enih stranica - Sinergana","robots":{"index":"index","follow":"follow","max-snippet":"max-snippet:-1","max-image-preview":"max-image-preview:large","max-video-preview":"max-video-preview:-1"},"canonical":"https:\/\/sinergana.hr\/en\/pristupacnost-mreznih-stranica\/","og_locale":"en_GB","og_type":"article","og_title":"Pristupa\u010dnost mre\u017enih stranica - Sinergana","og_description":"Pristupa\u010dnost mre\u017enih stranica Stupanjem na snagu Zakona o pristupa\u010dnosti mre\u017enih stranica i programskih rje\u0161enja za pokretne ure\u0111aje tijela javnog sektora Republike Hrvatske, Grad Rijeka \u0107e nakon provedbe testiranja pristupa\u010dnosti, na ovim stranicama objaviti Izjavu o pristupa\u010dnosti svog mre\u017enog sjedi\u0161ta i aplikacija vezanih uz usluge i projekte, njihovoj uskla\u0111enosti s Direktivom (EU) 2016\/2102, te omogu\u0107iti pru\u017eanje [&hellip;]","og_url":"https:\/\/sinergana.hr\/en\/pristupacnost-mreznih-stranica\/","og_site_name":"Sinergana","article_modified_time":"2023-06-26T07:33:21+00:00","og_image":[{"url":"https:\/\/sinergana.hr\/wp-content\/uploads\/2023\/04\/Frame-31.svg","type":"","width":"","height":""}],"twitter_card":"summary_large_image","twitter_misc":{"Estimated reading time":"3 minutes"},"schema":{"@context":"https:\/\/schema.org","@graph":[{"@type":"WebPage","@id":"https:\/\/sinergana.hr\/pristupacnost-mreznih-stranica\/","url":"https:\/\/sinergana.hr\/pristupacnost-mreznih-stranica\/","name":"Pristupa\u010dnost mre\u017enih stranica - Sinergana","isPartOf":{"@id":"https:\/\/sinergana.hr\/#website"},"primaryImageOfPage":{"@id":"https:\/\/sinergana.hr\/pristupacnost-mreznih-stranica\/#primaryimage"},"image":{"@id":"https:\/\/sinergana.hr\/pristupacnost-mreznih-stranica\/#primaryimage"},"thumbnailUrl":"https:\/\/sinergana.hr\/wp-content\/uploads\/2023\/04\/Frame-31.svg","datePublished":"2023-06-26T07:29:28+00:00","dateModified":"2023-06-26T07:33:21+00:00","breadcrumb":{"@id":"https:\/\/sinergana.hr\/pristupacnost-mreznih-stranica\/#breadcrumb"},"inLanguage":"en-GB","potentialAction":[{"@type":"ReadAction","target":["https:\/\/sinergana.hr\/pristupacnost-mreznih-stranica\/"]}]},{"@type":"ImageObject","inLanguage":"en-GB","@id":"https:\/\/sinergana.hr\/pristupacnost-mreznih-stranica\/#primaryimage","url":"https:\/\/sinergana.hr\/wp-content\/uploads\/2023\/04\/Frame-31.svg","contentUrl":"https:\/\/sinergana.hr\/wp-content\/uploads\/2023\/04\/Frame-31.svg"},{"@type":"BreadcrumbList","@id":"https:\/\/sinergana.hr\/pristupacnost-mreznih-stranica\/#breadcrumb","itemListElement":[{"@type":"ListItem","position":1,"name":"Po\u010detna stranica","item":"https:\/\/sinergana.hr\/"},{"@type":"ListItem","position":2,"name":"Pristupa\u010dnost mre\u017enih stranica"}]},{"@type":"WebSite","@id":"https:\/\/sinergana.hr\/#website","url":"https:\/\/sinergana.hr\/","name":"Sinergana","description":"Creative Technologies and IT Industry Incubator","publisher":{"@id":"https:\/\/sinergana.hr\/#organization"},"potentialAction":[{"@type":"SearchAction","target":{"@type":"EntryPoint","urlTemplate":"https:\/\/sinergana.hr\/?s={search_term_string}"},"query-input":{"@type":"PropertyValueSpecification","valueRequired":true,"valueName":"search_term_string"}}],"inLanguage":"en-GB"},{"@type":"Organization","@id":"https:\/\/sinergana.hr\/#organization","name":"Sinergana","url":"https:\/\/sinergana.hr\/","logo":{"@type":"ImageObject","inLanguage":"en-GB","@id":"https:\/\/sinergana.hr\/#\/schema\/logo\/image\/","url":"https:\/\/sinergana.hr\/wp-content\/uploads\/2023\/04\/logo-sinergana.svg","contentUrl":"https:\/\/sinergana.hr\/wp-content\/uploads\/2023\/04\/logo-sinergana.svg","width":231,"height":88,"caption":"Sinergana"},"image":{"@id":"https:\/\/sinergana.hr\/#\/schema\/logo\/image\/"}}]}},"_links":{"self":[{"href":"https:\/\/sinergana.hr\/en\/wp-json\/wp\/v2\/pages\/5822","targetHints":{"allow":["GET"]}}],"collection":[{"href":"https:\/\/sinergana.hr\/en\/wp-json\/wp\/v2\/pages"}],"about":[{"href":"https:\/\/sinergana.hr\/en\/wp-json\/wp\/v2\/types\/page"}],"author":[{"embeddable":true,"href":"https:\/\/sinergana.hr\/en\/wp-json\/wp\/v2\/users\/1"}],"replies":[{"embeddable":true,"href":"https:\/\/sinergana.hr\/en\/wp-json\/wp\/v2\/comments?post=5822"}],"version-history":[{"count":13,"href":"https:\/\/sinergana.hr\/en\/wp-json\/wp\/v2\/pages\/5822\/revisions"}],"predecessor-version":[{"id":5835,"href":"https:\/\/sinergana.hr\/en\/wp-json\/wp\/v2\/pages\/5822\/revisions\/5835"}],"wp:attachment":[{"href":"https:\/\/sinergana.hr\/en\/wp-json\/wp\/v2\/media?parent=5822"}],"curies":[{"name":"wp","href":"https:\/\/api.w.org\/{rel}","templated":true}]}}